{"id":6732,"date":"2016-07-22T13:24:02","date_gmt":"2016-07-22T11:24:02","guid":{"rendered":"http:\/\/gentlestudio.fr\/mariage\/?page_id=6732"},"modified":"2018-08-14T15:39:01","modified_gmt":"2018-08-14T13:39:01","slug":"espace-client-photographe-de-mariage-nancy-metz","status":"publish","type":"page","link":"https:\/\/gentlestudio.fr\/mariage\/espace-client-photographe-de-mariage-nancy-metz\/","title":{"rendered":"Espace Client"},"content":{"rendered":"<div id=\"jingooGallery\"><\/div>\n<p><script type=\"text\/javascript\">(function(i,s,o,g,r,a,m){i['JingooGalleryObject']=r;i[r]=i[r]||function(){(i[r].q=i[r].q||[]).push(arguments)},i[r].l=1*new Date();a=s.createElement(o),m=s.getElementsByTagName(o)[0];a.async=1;a.src=g;m.parentNode.insertBefore(a,m)})(window,document,'script',\"https:\/\/www.jingoo.com\/api\/accesDistant\/A28OaFMBUGNbPA15WjIDYgh9VzNRclE6XDAAagxnDmICP1dkVmNWOg0wByEDZVM2USIGalNvBmtdaQA7CDsIJgNyDl5TNFB7WzwNf1op.js\",'JingooGalleryLoader');<\/script><\/p>\n<p>&nbsp;<\/p>\n<div id=\"attachment_6809\" style=\"width: 160px\" class=\"wp-caption alignleft\"><img aria-describedby=\"caption-attachment-6809\" loading=\"lazy\" class=\"wp-image-6809 size-thumbnail\" src=\"http:\/\/gentlestudio.fr\/mariage\/wp-content\/uploads\/2018\/07\/top_pro-photographe-nancy-2016_2018-150x150.png\" alt=\"photographe pro nancy metz gentle studio mariage portrait\" width=\"150\" height=\"150\" srcset=\"https:\/\/gentlestudio.fr\/mariage\/wp-content\/uploads\/2018\/07\/top_pro-photographe-nancy-2016_2018-150x150.png 150w, https:\/\/gentlestudio.fr\/mariage\/wp-content\/uploads\/2018\/07\/top_pro-photographe-nancy-2016_2018-50x50.png 50w, https:\/\/gentlestudio.fr\/mariage\/wp-content\/uploads\/2018\/07\/top_pro-photographe-nancy-2016_2018-100x100.png 100w\" sizes=\"(max-width: 150px) 100vw, 150px\" \/><p id=\"caption-attachment-6809\" class=\"wp-caption-text\">cat\u00e9gorie photographe de mariage et\u00a0photographe de portrait, \u00e0 Nancy.<\/p><\/div>\n<h1>Photographe de mariage \u00e0 Nancy, Metz, en Lorraine, 54, 57, 88.<\/h1>\n<h2>Gentle Studio &#8211; reportage photo mariage<\/h2>\n<h3>photographe de mariage \u00e0 Nancy,<\/h3>\n<p>mais aussi Metz et dans toute la Lorraine et toute la France.<br \/>\nNos \u00e9quipes de professionnels mettent leur exp\u00e9rience et leur sensibilit\u00e9 au service de vos souvenirs. La base de notre travail est la discussion :<br \/>\nNous tenons \u00e0 vous rencontrer afin de cerner vos envies et vous offrir un r\u00e9sultat qui vous ressemble. Tout au long de votre journ\u00e9e de mariage, nous serons pr\u00e9sents pour capturer chaque instant sur le vif, en toute discr\u00e9tion.<\/p>\n<p>Le r\u00e9sultat refl\u00e9tera \u00e0 jamais l\u2019\u00e9motion de ce jour unique. M\u00ealant toujours le naturel \u00e0 un style cin\u00e9matographique.<br \/>\nEnvie d\u2019un Photo Reportage ou d\u2019une Vid\u00e9o de Mariage ?<br \/>\nGentle Studio, Photographe Mariage \u00e0 Nancy, Metz, Strasbourg, dans le Grand Est, la Lorraine et au del\u00e0 : Pour des images marquantes et spontan\u00e9es.<\/p>\n","protected":false},"excerpt":{"rendered":"<p>&nbsp; Photographe de mariage \u00e0 Nancy, Metz, en Lorraine, 54, 57, 88. Gentle Studio &#8211; reportage photo mariage photographe de mariage \u00e0 Nancy, mais aussi Metz et dans toute la&#8230;<\/p>\n","protected":false},"author":1,"featured_media":6640,"parent":0,"menu_order":5,"comment_status":"closed","ping_status":"closed","template":"","meta":[],"yoast_head":"<!-- This site is optimized with the Yoast SEO plugin v16.2 - https:\/\/yoast.com\/wordpress\/plugins\/seo\/ -->\n<title>Espace Client - Photographe Mariage Gentle Studio<\/title>\n<meta name=\"description\" content=\"Dans votre espace client, vous avez la possibilit\u00e9 de vous connecter \u00e0 votre galerie en ligne afin de commander des photos ou cr\u00e9er votre album de mariage.\" \/>\n<meta name=\"robots\" content=\"index, follow, max-snippet:-1, max-image-preview:large, max-video-preview:-1\" \/>\n<link rel=\"canonical\" href=\"https:\/\/gentlestudio.fr\/mariage\/espace-client-photographe-de-mariage-nancy-metz\/\" \/>\n<meta property=\"og:locale\" content=\"fr_FR\" \/>\n<meta property=\"og:type\" content=\"article\" \/>\n<meta property=\"og:title\" content=\"Espace Client - Photographe Mariage Gentle Studio\" \/>\n<meta property=\"og:description\" content=\"Dans votre espace client, vous avez la possibilit\u00e9 de vous connecter \u00e0 votre galerie en ligne afin de commander des photos ou cr\u00e9er votre album de mariage.\" \/>\n<meta property=\"og:url\" content=\"https:\/\/gentlestudio.fr\/mariage\/espace-client-photographe-de-mariage-nancy-metz\/\" \/>\n<meta property=\"og:site_name\" content=\"Photographe Mariage Gentle Studio\" \/>\n<meta property=\"article:publisher\" content=\"https:\/\/www.facebook.com\/Gentle-Studio-184752495025758\" \/>\n<meta property=\"article:modified_time\" content=\"2018-08-14T13:39:01+00:00\" \/>\n<meta property=\"og:image\" content=\"https:\/\/gentlestudio.fr\/mariage\/wp-content\/uploads\/2015\/11\/S-portrait-couple-sunset-autumn-photographe-mariage-wedding-photographer.jpg\" \/>\n\t<meta property=\"og:image:width\" content=\"655\" \/>\n\t<meta property=\"og:image:height\" content=\"368\" \/>\n<meta name=\"twitter:card\" content=\"summary\" \/>\n<meta name=\"twitter:site\" content=\"@GentleStudio\" \/>\n<meta name=\"twitter:label1\" content=\"Dur\u00e9e de lecture est.\">\n\t<meta name=\"twitter:data1\" content=\"1 minute\">\n<script type=\"application\/ld+json\" class=\"yoast-schema-graph\">{\"@context\":\"https:\/\/schema.org\",\"@graph\":[{\"@type\":\"Organization\",\"@id\":\"https:\/\/gentlestudio.fr\/mariage\/#organization\",\"name\":\"Gentle Studio Photographe Mariage\",\"url\":\"https:\/\/gentlestudio.fr\/mariage\/\",\"sameAs\":[\"https:\/\/www.facebook.com\/Gentle-Studio-184752495025758\",\"https:\/\/www.instagram.com\/gentlestudio\/\",\"https:\/\/www.linkedin.com\/in\/pierre-gentle-studio-01782275\",\"https:\/\/www.pinterest.com\/gentlestudio\/\",\"https:\/\/twitter.com\/GentleStudio\"],\"logo\":{\"@type\":\"ImageObject\",\"@id\":\"https:\/\/gentlestudio.fr\/mariage\/#logo\",\"inLanguage\":\"fr-FR\",\"url\":\"https:\/\/gentlestudio.fr\/mariage\/wp-content\/uploads\/2015\/11\/GS_LOGO-FILIGRANE_PNG_HD3.png\",\"contentUrl\":\"https:\/\/gentlestudio.fr\/mariage\/wp-content\/uploads\/2015\/11\/GS_LOGO-FILIGRANE_PNG_HD3.png\",\"width\":5566,\"height\":2436,\"caption\":\"Gentle Studio Photographe Mariage\"},\"image\":{\"@id\":\"https:\/\/gentlestudio.fr\/mariage\/#logo\"}},{\"@type\":\"WebSite\",\"@id\":\"https:\/\/gentlestudio.fr\/mariage\/#website\",\"url\":\"https:\/\/gentlestudio.fr\/mariage\/\",\"name\":\"Photographe Mariage Gentle Studio\",\"description\":\"Photographe Mariage Nancy Gentle Studio\",\"publisher\":{\"@id\":\"https:\/\/gentlestudio.fr\/mariage\/#organization\"},\"potentialAction\":[{\"@type\":\"SearchAction\",\"target\":\"https:\/\/gentlestudio.fr\/mariage\/?s={search_term_string}\",\"query-input\":\"required name=search_term_string\"}],\"inLanguage\":\"fr-FR\"},{\"@type\":\"ImageObject\",\"@id\":\"https:\/\/gentlestudio.fr\/mariage\/espace-client-photographe-de-mariage-nancy-metz\/#primaryimage\",\"inLanguage\":\"fr-FR\",\"url\":\"https:\/\/gentlestudio.fr\/mariage\/wp-content\/uploads\/2015\/11\/S-portrait-couple-sunset-autumn-photographe-mariage-wedding-photographer.jpg\",\"contentUrl\":\"https:\/\/gentlestudio.fr\/mariage\/wp-content\/uploads\/2015\/11\/S-portrait-couple-sunset-autumn-photographe-mariage-wedding-photographer.jpg\",\"width\":655,\"height\":368,\"caption\":\"portrait-couple-sunset-autumn-photographe-mariage-wedding-photographer\"},{\"@type\":\"WebPage\",\"@id\":\"https:\/\/gentlestudio.fr\/mariage\/espace-client-photographe-de-mariage-nancy-metz\/#webpage\",\"url\":\"https:\/\/gentlestudio.fr\/mariage\/espace-client-photographe-de-mariage-nancy-metz\/\",\"name\":\"Espace Client - Photographe Mariage Gentle Studio\",\"isPartOf\":{\"@id\":\"https:\/\/gentlestudio.fr\/mariage\/#website\"},\"primaryImageOfPage\":{\"@id\":\"https:\/\/gentlestudio.fr\/mariage\/espace-client-photographe-de-mariage-nancy-metz\/#primaryimage\"},\"datePublished\":\"2016-07-22T11:24:02+00:00\",\"dateModified\":\"2018-08-14T13:39:01+00:00\",\"description\":\"Dans votre espace client, vous avez la possibilit\\u00e9 de vous connecter \\u00e0 votre galerie en ligne afin de commander des photos ou cr\\u00e9er votre album de mariage.\",\"breadcrumb\":{\"@id\":\"https:\/\/gentlestudio.fr\/mariage\/espace-client-photographe-de-mariage-nancy-metz\/#breadcrumb\"},\"inLanguage\":\"fr-FR\",\"potentialAction\":[{\"@type\":\"ReadAction\",\"target\":[\"https:\/\/gentlestudio.fr\/mariage\/espace-client-photographe-de-mariage-nancy-metz\/\"]}]},{\"@type\":\"BreadcrumbList\",\"@id\":\"https:\/\/gentlestudio.fr\/mariage\/espace-client-photographe-de-mariage-nancy-metz\/#breadcrumb\",\"itemListElement\":[{\"@type\":\"ListItem\",\"position\":1,\"item\":{\"@type\":\"WebPage\",\"@id\":\"https:\/\/gentlestudio.fr\/mariage\/\",\"url\":\"https:\/\/gentlestudio.fr\/mariage\/\",\"name\":\"Accueil\"}},{\"@type\":\"ListItem\",\"position\":2,\"item\":{\"@id\":\"https:\/\/gentlestudio.fr\/mariage\/espace-client-photographe-de-mariage-nancy-metz\/#webpage\"}}]}]}<\/script>\n<!-- \/ Yoast SEO plugin. -->","_links":{"self":[{"href":"https:\/\/gentlestudio.fr\/mariage\/wp-json\/wp\/v2\/pages\/6732"}],"collection":[{"href":"https:\/\/gentlestudio.fr\/mariage\/wp-json\/wp\/v2\/pages"}],"about":[{"href":"https:\/\/gentlestudio.fr\/mariage\/wp-json\/wp\/v2\/types\/page"}],"author":[{"embeddable":true,"href":"https:\/\/gentlestudio.fr\/mariage\/wp-json\/wp\/v2\/users\/1"}],"replies":[{"embeddable":true,"href":"https:\/\/gentlestudio.fr\/mariage\/wp-json\/wp\/v2\/comments?post=6732"}],"version-history":[{"count":21,"href":"https:\/\/gentlestudio.fr\/mariage\/wp-json\/wp\/v2\/pages\/6732\/revisions"}],"predecessor-version":[{"id":6937,"href":"https:\/\/gentlestudio.fr\/mariage\/wp-json\/wp\/v2\/pages\/6732\/revisions\/6937"}],"wp:featuredmedia":[{"embeddable":true,"href":"https:\/\/gentlestudio.fr\/mariage\/wp-json\/wp\/v2\/media\/6640"}],"wp:attachment":[{"href":"https:\/\/gentlestudio.fr\/mariage\/wp-json\/wp\/v2\/media?parent=6732"}],"curies":[{"name":"wp","href":"https:\/\/api.w.org\/{rel}","templated":true}]}}