{"id":6056,"date":"2015-11-11T18:55:21","date_gmt":"2015-11-11T16:55:21","guid":{"rendered":"http:\/\/gentlestudio.fr\/mariage\/?page_id=6056"},"modified":"2020-11-13T18:11:43","modified_gmt":"2020-11-13T17:11:43","slug":"avis-photographe-mariage-nancy-metz-54","status":"publish","type":"page","link":"https:\/\/gentlestudio.fr\/mariage\/avis-photographe-mariage-nancy-metz-54\/","title":{"rendered":"Avis"},"content":{"rendered":"[vc_row type=\u00a0\u00bbfull_width_background\u00a0\u00bb text_align=\u00a0\u00bbcenter\u00a0\u00bb top_padding=\u00a0\u00bb60&Prime; bottom_padding=\u00a0\u00bb30&Prime;][vc_column][vc_column_text]\n<h1>D\u00e9couvrez les<strong> avis <\/strong>partag\u00e9s par nos Mari\u00e9s<\/h1>\n<h2>\u00e0 propos des \u00e9quipes de Gentle Studio &#8211; photographe de mariage :<\/h2>\n[\/vc_column_text][\/vc_column][\/vc_row][vc_row type=\u00a0\u00bbfull_width_background\u00a0\u00bb text_align=\u00a0\u00bbcenter\u00a0\u00bb top_padding=\u00a0\u00bb20&Prime; bottom_padding=\u00a0\u00bb40&Prime;][vc_column][testimonial_slider autorotate=\u00a0\u00bb5000&Prime;][testimonial title=\u00a0\u00bbTestimonial\u00a0\u00bb tab_id=\u00a0\u00bb1447862175222-7&Prime; quote=\u00a0\u00bbTr\u00e8s bonne exp\u00e9rience avec Pierre qui s&rsquo;est montr\u00e9 <strong>\u00e0 l&rsquo;\u00e9coute et tr\u00e8s disponible<\/strong> avant, pendant et apr\u00e8s le mariage.\u00a0\u00bb name=\u00a0\u00bbEmilie et Baptiste\u00a0\u00bb]\n[\/testimonial][testimonial title=\u00a0\u00bbTestimonial\u00a0\u00bb id=\u00a0\u00bb1447874892610-0-6&Prime; tab_id=\u00a0\u00bb1447862175373-7&Prime; name=\u00a0\u00bbMarie-Jeanne\u00a0\u00bb quote=\u00a0\u00bbJ&rsquo;aime les <strong>photos prises sur le vif, naturelles<\/strong>. Celles qui vous donnent l&rsquo;impression que votre mariage est <strong>tir\u00e9 d&rsquo;un film<\/strong>.\u00a0\u00bb]\n[\/testimonial][testimonial title=\u00a0\u00bbTestimonial\u00a0\u00bb id=\u00a0\u00bb1447874892734-0-4&Prime; tab_id=\u00a0\u00bb1447874633231-3&Prime; name=\u00a0\u00bbFlavie et Olivier\u00a0\u00bb quote=\u00a0\u00bbMariage inoubliable! Pierre a su retraduire <strong>l&rsquo;\u00e9motion<\/strong> et\u00a0le cadre naturel &#8230; Il nous a mis en <strong>confiance<\/strong>, a \u00e9t\u00e9 \u00e0 notre <strong>\u00e9coute<\/strong>, positif &#8230; \u00ab\u00a0]\n[\/testimonial][testimonial title=\u00a0\u00bbTestimonial\u00a0\u00bb tab_id=\u00a0\u00bb1447874668640-9&Prime; name=\u00a0\u00bbDominique et Francis\u00a0\u00bb quote=\u00a0\u00bbNous avons \u00e9t\u00e9 non seulement ravis de sa <strong>pr\u00e9sence<\/strong> \u00e0 nos c\u00f4t\u00e9s mais \u00e9galement tr\u00e8s satisfaits par son travail.\u00a0\u00bb id=\u00a0\u00bb1447875794459-6&Prime;]\n[\/testimonial][testimonial title=\u00a0\u00bbTestimonial\u00a0\u00bb tab_id=\u00a0\u00bb1447874966885-5&Prime; name=\u00a0\u00bbC\u00e9line et Damien\u00a0\u00bb quote=\u00a0\u00bbLes photos sont de tr\u00e8s bonne <strong>qualit\u00e9<\/strong>, modernes et en plus on a re\u00e7u le\u00a0dvd avec toutes les photos, <strong>libres de droits<\/strong> !\u00a0 Le plus : la <strong>sympathie<\/strong>. \ud83d\ude42\u00a0\u00bb]\n[\/testimonial][\/testimonial_slider][\/vc_column][\/vc_row][vc_row type=\u00a0\u00bbfull_width_background\u00a0\u00bb top_padding=\u00a0\u00bb20&Prime; bottom_padding=\u00a0\u00bb20&Prime;][vc_column width=\u00a0\u00bb1\/4&Prime;][image_with_animation image_url=\u00a0\u00bb6486&Prime; alignment=\u00a0\u00bbcenter\u00a0\u00bb animation=\u00a0\u00bbFade In From Bottom\u00a0\u00bb][\/vc_column][vc_column width=\u00a0\u00bb3\/4&Prime;][vc_column_text]<em>\u00ab\u00a0Tr\u00e8s bonne exp\u00e9rience avec Pierre qui s&rsquo;est montr\u00e9 \u00e0 l&rsquo;\u00e9coute et tr\u00e8s disponible avant, pendant et apr\u00e8s le mariage.<\/em><\/p>\n<p><em>Les photos et les prises de vue pour <strong><a href=\"https:\/\/vimeo.com\/82376609\" target=\"_blank\" rel=\"noopener noreferrer\"><span style=\"text-decoration: underline;\">le film<\/span><\/a><\/strong> ont \u00e9t\u00e9 faites <strong>sur l&rsquo;instant<\/strong>, parfois sans qu&rsquo;on s&rsquo;en rende compte, ce qui <strong>met en avant l&rsquo;\u00e9motion<\/strong> de cette journ\u00e9e sp\u00e9ciale.<\/em><\/p>\n<p><em>Les photos\u00a0quant \u00e0 elles ont une superbe qualit\u00e9 artistique avec un point de vue original et naturel.<\/em><\/p>\n<p><em><strong><a href=\"https:\/\/vimeo.com\/82376609\" target=\"_blank\" rel=\"noopener noreferrer\"><span style=\"text-decoration: underline;\">le film<\/span><\/a><\/strong> est vraiment tr\u00e8s r\u00e9ussi avec montage superbe et des <strong>\u00e9motions<\/strong> vraiment bien retranscrite.\u00a0Avec en plus des tarifs bien en dessous du march\u00e9, compar\u00e9 \u00e0 la qualit\u00e9 de service.<\/em><\/p>\n<p>On recommande vivement !\u00a0\u00bb<\/p>\n<p>Avis de Baptiste et Emilie[\/vc_column_text]\n<p><img loading=\"lazy\" class=\"size-full wp-image-6816\" src=\"http:\/\/gentlestudio.fr\/mariage\/wp-content\/uploads\/2018\/07\/avis-photo-mariage-gentle-studio-avis-photographe-mariage-nancy-metz-strasbourg-lorraine-luxembourg-54-vosges-grand-est-meuthe-et-moselle.png\" alt=\"avis-gentle-studio-photographe-mariage-nancy-metz-strasbourg-lorraine-luxembourg-54-vosges-grand-est-5-etoiles\" width=\"160\" height=\"33\" \/><\/p>\n[\/vc_column][\/vc_row][vc_row type=\u00a0\u00bbfull_width_background\u00a0\u00bb top_padding=\u00a0\u00bb20&Prime; bottom_padding=\u00a0\u00bb20&Prime;][vc_column][divider line_type=\u00a0\u00bbFull Width Line\u00a0\u00bb custom_height=\u00a0\u00bb10&Prime;][\/vc_column][\/vc_row][vc_row type=\u00a0\u00bbfull_width_background\u00a0\u00bb top_padding=\u00a0\u00bb20&Prime; bottom_padding=\u00a0\u00bb20&Prime;][vc_column width=\u00a0\u00bb2\/3&Prime;][vc_column_text]<em>\u00ab\u00a0Mon \u00e9poux et moi-m\u00eame avons fait de nombreuses recherches avant de trouver Gentle Studio.<br \/>\nJ&rsquo;aime les <strong>photos prises sur le vif<\/strong>, naturelles. Celles qui vous donnent l&rsquo;impression que votre mariage est <strong>tir\u00e9 d&rsquo;un film<\/strong>.<\/em><\/p>\n<p><em>Non seulement nous avons \u00e9t\u00e9 s\u00e9duits par son travail, mais de plus les photographes pr\u00e9sents le jour de notre mariage \u00e9taient <strong>discrets<\/strong>, nous ne nous sommes m\u00eame pas aper\u00e7u de leur pr\u00e9sence.<\/em><br \/>\nQuel bonheur alors de d\u00e9couvrir les photos qui retra\u00e7aient ce moment sous un autre angle. Vous d\u00e9couvrez des instants que vous n&rsquo;aviez alors pas vu le jour de votre mariage.<\/p>\n<p><em> Nous sommes heureux d&rsquo;avoir fait le choix du photo-reportage, c&rsquo;est <strong>le reflet parfait de cette journ\u00e9e<\/strong>.<br \/>\nJe valide et conseille vivement Gentle Studio et son \u00e9quipe. Ils sont professionnels et tr\u00e8s agr\u00e9ables.<br \/>\n<\/em><\/p>\n<p><em>Pour le rendu final nous avons d\u00fb \u00eatre patients. Mais \u00e7a valait le coup d&rsquo;attendre !<\/em><\/p>\n<p><em>Compter 1 mois et demi pour la galerie avec toutes les photos ( par contre nous avons eu 20 photos dans la semaine qui a suivit, pour faire nos remerciements )\u00a0\u00bb<\/em><\/p>\n<p>Avis de Marie-Jeanne M.[\/vc_column_text]\n<p><img loading=\"lazy\" class=\"size-full wp-image-6816\" src=\"http:\/\/gentlestudio.fr\/mariage\/wp-content\/uploads\/2018\/07\/avis-photo-mariage-gentle-studio-avis-photographe-mariage-nancy-metz-strasbourg-lorraine-luxembourg-54-vosges-grand-est-meuthe-et-moselle.png\" alt=\"avis-gentle-studio-photographe-mariage-nancy-metz-strasbourg-lorraine-luxembourg-54-vosges-grand-est-5-etoiles\" width=\"160\" height=\"33\" \/><\/p>\n[\/vc_column][vc_column width=\u00a0\u00bb1\/3&Prime;][image_with_animation image_url=\u00a0\u00bb6489&Prime; alignment=\u00a0\u00bbcenter\u00a0\u00bb animation=\u00a0\u00bbFade In From Bottom\u00a0\u00bb][\/vc_column][\/vc_row][vc_row type=\u00a0\u00bbfull_width_background\u00a0\u00bb top_padding=\u00a0\u00bb20&Prime; bottom_padding=\u00a0\u00bb20&Prime;][vc_column][divider line_type=\u00a0\u00bbFull Width Line\u00a0\u00bb custom_height=\u00a0\u00bb10&Prime;][\/vc_column][\/vc_row][vc_row type=\u00a0\u00bbfull_width_background\u00a0\u00bb top_padding=\u00a0\u00bb20&Prime; bottom_padding=\u00a0\u00bb20&Prime;][vc_column width=\u00a0\u00bb1\/4&Prime;][image_with_animation image_url=\u00a0\u00bb6490&Prime; alignment=\u00a0\u00bbcenter\u00a0\u00bb animation=\u00a0\u00bbFade In From Bottom\u00a0\u00bb][\/vc_column][vc_column width=\u00a0\u00bb3\/4&Prime;][vc_column_text]<em>\u00ab\u00a0<strong>Mariage inoubliable !<\/strong><\/em><\/p>\n<p><em>Pierre a su retraduire <strong>l&rsquo;\u00e9motion<\/strong>, le cadre naturel, les amis qui ont \u00e9t\u00e9 la famille de c\u0153ur&#8230;. Il nous a mis en <strong>confiance<\/strong>, a \u00e9t\u00e9 \u00e0 notre <strong>\u00e9coute<\/strong>, positif&#8230;\u00a0Un v\u00e9ritable professionnalisme.<\/em><\/p>\n<p><em>Bluffant: des photos prises <strong>sur l&rsquo;instant<\/strong>, sans que nous le voyions. Un travail sur l&rsquo;image tout \u00e0 fait remarquable\u00a0(Mariage en pleine nature)\u00a0De superbes photos, une grande disponibilit\u00e9, et pas mal d&rsquo;humour, bref que de bons ingr\u00e9dients pour <strong>des photos originales et tr\u00e8s jolies !<\/strong><\/em><\/p>\n<p><em>Nous ne voulions pas des photos communes, avec ce professionnel c&rsquo;\u00e9tait r\u00e9ussi.\u00a0\u00bb<\/em><\/p>\n<p>Avis d&rsquo;Olivier et Flavie[\/vc_column_text]\n<p><img loading=\"lazy\" class=\"size-full wp-image-6816\" src=\"http:\/\/gentlestudio.fr\/mariage\/wp-content\/uploads\/2018\/07\/avis-photo-mariage-gentle-studio-avis-photographe-mariage-nancy-metz-strasbourg-lorraine-luxembourg-54-vosges-grand-est-meuthe-et-moselle.png\" alt=\"avis-gentle-studio-photographe-mariage-nancy-metz-strasbourg-lorraine-luxembourg-54-vosges-grand-est-5-etoiles\" width=\"160\" height=\"33\" \/><\/p>\n<p>&nbsp;<\/p>\n[\/vc_column][\/vc_row][vc_row type=\u00a0\u00bbfull_width_background\u00a0\u00bb top_padding=\u00a0\u00bb20&Prime; bottom_padding=\u00a0\u00bb20&Prime;][vc_column][divider line_type=\u00a0\u00bbFull Width Line\u00a0\u00bb custom_height=\u00a0\u00bb10&Prime;][\/vc_column][\/vc_row][vc_row type=\u00a0\u00bbfull_width_background\u00a0\u00bb top_padding=\u00a0\u00bb20&Prime; bottom_padding=\u00a0\u00bb20&Prime;][vc_column width=\u00a0\u00bb2\/3&Prime;][vc_column_text]<em>\u00ab\u00a0Le photographe est tr\u00e8s important pour un mariage, nous avons rencontr\u00e9 Pierre et nous avons \u00e9t\u00e9 s\u00e9duits par son site, ses explications sur sa mani\u00e8re de travailler qui nous ont mis en <strong>confiance<\/strong>.<\/em><\/p>\n<p><em>Un contact agr\u00e9able, une capacit\u00e9 d&rsquo;adaptation, <strong>un humanisme touchant<\/strong> ainsi qu&rsquo;un professionnel avec le souci de perfection, voil\u00e0 comment nous pouvons d\u00e9crire le photographe qui a r\u00e9alis\u00e9 notre album de mariage.<\/em><\/p>\n<p><em>Nous avons \u00e9t\u00e9 non seulement ravis de <strong>sa pr\u00e9sence<\/strong> \u00e0 nos c\u00f4t\u00e9s mais \u00e9galement tr\u00e8s satisfaits par son travail.\u00a0\u00bb<\/em><\/p>\n<p>Avis de Dominique et Francis[\/vc_column_text]\n<p><img loading=\"lazy\" class=\"size-full wp-image-6816\" src=\"http:\/\/gentlestudio.fr\/mariage\/wp-content\/uploads\/2018\/07\/avis-photo-mariage-gentle-studio-avis-photographe-mariage-nancy-metz-strasbourg-lorraine-luxembourg-54-vosges-grand-est-meuthe-et-moselle.png\" alt=\"avis-gentle-studio-photographe-mariage-nancy-metz-strasbourg-lorraine-luxembourg-54-vosges-grand-est-5-etoiles\" width=\"160\" height=\"33\" \/><\/p>\n[\/vc_column][vc_column width=\u00a0\u00bb1\/3&Prime;][image_with_animation image_url=\u00a0\u00bb6488&Prime; alignment=\u00a0\u00bbcenter\u00a0\u00bb animation=\u00a0\u00bbFade In From Bottom\u00a0\u00bb][\/vc_column][\/vc_row][vc_row type=\u00a0\u00bbfull_width_background\u00a0\u00bb top_padding=\u00a0\u00bb20&Prime; bottom_padding=\u00a0\u00bb20&Prime;][vc_column][divider line_type=\u00a0\u00bbFull Width Line\u00a0\u00bb custom_height=\u00a0\u00bb10&Prime;][\/vc_column][\/vc_row][vc_row type=\u00a0\u00bbfull_width_background\u00a0\u00bb top_padding=\u00a0\u00bb20&Prime; bottom_padding=\u00a0\u00bb20&Prime;][vc_column width=\u00a0\u00bb1\/4&Prime;][image_with_animation image_url=\u00a0\u00bb6487&Prime; alignment=\u00a0\u00bbcenter\u00a0\u00bb animation=\u00a0\u00bbFade In From Bottom\u00a0\u00bb][\/vc_column][vc_column width=\u00a0\u00bb3\/4&Prime;][vc_column_text]<em>\u00ab\u00a0Nous avons obtenu un prix adapt\u00e9 \u00e0 notre demande et m\u00eame davantage de temps sans l&rsquo;avoir demand\u00e9, sans surplus. Les photos sont de <strong>tr\u00e8s bonne qualit\u00e9<\/strong>, modernes et en plus on a re\u00e7u les dvds des deux jours de mariage, <strong>libres de droits<\/strong>. Le plus : la sympathie. \ud83d\ude42\u00a0\u00bb<\/em><\/p>\n<p>Avis de Damien et C\u00e9line[\/vc_column_text]\n<p><img loading=\"lazy\" class=\"size-full wp-image-6816\" src=\"http:\/\/gentlestudio.fr\/mariage\/wp-content\/uploads\/2018\/07\/avis-photo-mariage-gentle-studio-avis-photographe-mariage-nancy-metz-strasbourg-lorraine-luxembourg-54-vosges-grand-est-meuthe-et-moselle.png\" alt=\"avis-gentle-studio-photographe-mariage-nancy-metz-strasbourg-lorraine-luxembourg-54-vosges-grand-est-5-etoiles\" width=\"160\" height=\"33\" \/><\/p>\n[\/vc_column][vc_column][divider line_type=\u00a0\u00bbFull Width Line\u00a0\u00bb custom_height=\u00a0\u00bb10&Prime;][\/vc_column][\/vc_row][vc_row type=\u00a0\u00bbfull_width_background\u00a0\u00bb top_padding=\u00a0\u00bb20&Prime; bottom_padding=\u00a0\u00bb20&Prime;][vc_column width=\u00a0\u00bb2\/3&Prime;][vc_column_text]<em>\u00ab\u00a0Nous avons cherch\u00e9 sur plusieurs sites avant de\u00a0tomber sur celui de Gentle Studio et avons d\u2019embl\u00e9e \u00e9t\u00e9 s\u00e9duits par ses photos\u00a0naturelles et\u00a0travaill\u00e9es \u00e0 la fois.<\/em><\/p>\n<p><em>Nous avons choisi Pierre comme photographe de notre mariage apr\u00e8s une rencontre qui nous a permis de faire connaissance avec lui et sa fa\u00e7on de travailler.<\/em><\/p>\n<p><em>Le r\u00e9sultat fut au del\u00e0 de nos esp\u00e9rances ! Des photos <strong>prises sur le vif, naturelles<\/strong> et <strong>encore compliment\u00e9es<\/strong> par nos proches aujourd&rsquo;hui.<\/em><\/p>\n<p><em><strong>N&rsquo;h\u00e9sitez pas !<\/strong>\u00ab\u00a0<\/em><\/p>\n<p>Avis de Marie et Romain[\/vc_column_text]\n<p><img loading=\"lazy\" class=\"size-full wp-image-6816\" src=\"http:\/\/gentlestudio.fr\/mariage\/wp-content\/uploads\/2018\/07\/avis-photo-mariage-gentle-studio-avis-photographe-mariage-nancy-metz-strasbourg-lorraine-luxembourg-54-vosges-grand-est-meuthe-et-moselle.png\" alt=\"avis-gentle-studio-photographe-mariage-nancy-metz-strasbourg-lorraine-luxembourg-54-vosges-grand-est-5-etoiles\" width=\"160\" height=\"33\" \/><\/p>\n[\/vc_column][vc_column width=\u00a0\u00bb1\/3&Prime;][image_with_animation image_url=\u00a0\u00bb6780&Prime; alignment=\u00a0\u00bbcenter\u00a0\u00bb animation=\u00a0\u00bbFade In From Bottom\u00a0\u00bb][\/vc_column][\/vc_row][vc_row type=\u00a0\u00bbfull_width_background\u00a0\u00bb top_padding=\u00a0\u00bb20&Prime; bottom_padding=\u00a0\u00bb20&Prime;]\n[\/vc_row][vc_row type=\u00a0\u00bbfull_width_background\u00a0\u00bb bg_color=\u00a0\u00bb#eb6865&Prime; text_align=\u00a0\u00bbcenter\u00a0\u00bb top_padding=\u00a0\u00bb50&Prime; bottom_padding=\u00a0\u00bb48&Prime;][vc_column][vc_column_text]\n<h1>Vous souhaitez rencontrer votre photographe mariage<\/h1>\n<h3>afin de voir son travail et discuter de votre projet ?<\/h3>\n[\/vc_column_text][divider custom_height=\u00a0\u00bb20&Prime;][vc_column_text]\n<a class=\"nectar-button n-sc-button large see-through-2\"  href=\"https:\/\/gentlestudio.fr\/mariage\/contact-photographe-mariage\/\" data-color-override=\"#ffffff\" data-hover-color-override=\"false\" data-hover-text-color-override=\"#ffffff\"><span>NOUS CONTACTER<\/span><\/a>\n<p>&nbsp;<\/p>\n<p><img loading=\"lazy\" class=\"aligncenter wp-image-6942 size-thumbnail\" src=\"https:\/\/gentlestudio.fr\/mariage\/wp-content\/uploads\/2020\/11\/TOP_PRO_2020-150x150.png\" alt=\"top_pro-photographe-nancy-2020-cat\u00e9gorie photographe de mariage \u00e0 nancy, metz.\" width=\"150\" height=\"150\" srcset=\"https:\/\/gentlestudio.fr\/mariage\/wp-content\/uploads\/2020\/11\/TOP_PRO_2020-150x150.png 150w, https:\/\/gentlestudio.fr\/mariage\/wp-content\/uploads\/2020\/11\/TOP_PRO_2020-100x100.png 100w, https:\/\/gentlestudio.fr\/mariage\/wp-content\/uploads\/2020\/11\/TOP_PRO_2020-140x140.png 140w, https:\/\/gentlestudio.fr\/mariage\/wp-content\/uploads\/2020\/11\/TOP_PRO_2020.png 250w\" sizes=\"(max-width: 150px) 100vw, 150px\" \/><\/p>\n<p><img loading=\"lazy\" class=\"aligncenter wp-image-6943 size-thumbnail\" src=\"https:\/\/gentlestudio.fr\/mariage\/wp-content\/uploads\/2020\/11\/badge-mariages-net-recommande-2020-150x150.jpg\" alt=\"badge-mariages-net-photographe-mariage-nancy-recommande-2020\" width=\"150\" height=\"150\" srcset=\"https:\/\/gentlestudio.fr\/mariage\/wp-content\/uploads\/2020\/11\/badge-mariages-net-recommande-2020-150x150.jpg 150w, https:\/\/gentlestudio.fr\/mariage\/wp-content\/uploads\/2020\/11\/badge-mariages-net-recommande-2020-100x100.jpg 100w, https:\/\/gentlestudio.fr\/mariage\/wp-content\/uploads\/2020\/11\/badge-mariages-net-recommande-2020-140x140.jpg 140w, https:\/\/gentlestudio.fr\/mariage\/wp-content\/uploads\/2020\/11\/badge-mariages-net-recommande-2020.jpg 250w\" sizes=\"(max-width: 150px) 100vw, 150px\" \/><\/p>\n[\/vc_column_text][divider custom_height=\u00a0\u00bb40&Prime;][vc_column_text][\/vc_column_text][\/vc_column][\/vc_row]\n","protected":false},"excerpt":{"rendered":"<p>[vc_row type=\u00a0\u00bbfull_width_background\u00a0\u00bb text_align=\u00a0\u00bbcenter\u00a0\u00bb top_padding=\u00a0\u00bb60&Prime; bottom_padding=\u00a0\u00bb30&Prime;][vc_column][vc_column_text] D\u00e9couvrez les avis partag\u00e9s par nos Mari\u00e9s \u00e0 propos des \u00e9quipes de Gentle Studio &#8211; photographe de mariage : [\/vc_column_text][\/vc_column][\/vc_row][vc_row type=\u00a0\u00bbfull_width_background\u00a0\u00bb text_align=\u00a0\u00bbcenter\u00a0\u00bb top_padding=\u00a0\u00bb20&Prime; bottom_padding=\u00a0\u00bb40&Prime;][vc_column][testimonial_slider autorotate=\u00a0\u00bb5000&Prime;][testimonial&#8230;<\/p>\n","protected":false},"author":1,"featured_media":0,"parent":0,"menu_order":2,"comment_status":"closed","ping_status":"closed","template":"","meta":[],"yoast_head":"<!-- This site is optimized with the Yoast SEO plugin v16.2 - https:\/\/yoast.com\/wordpress\/plugins\/seo\/ -->\n<title>Avis - Gentle Studio - Photographe Mariage<\/title>\n<meta name=\"description\" content=\"Avis pour Gentle Studio, Photographe Mariage. Photo Reportage et Vid\u00e9o de Mariage. Gentle Studio, Photographe Mariage \u00e0 Nancy, Metz, Strasbourg et Lorraine.\" \/>\n<meta name=\"robots\" content=\"index, follow, max-snippet:-1, max-image-preview:large, max-video-preview:-1\" \/>\n<link rel=\"canonical\" href=\"https:\/\/gentlestudio.fr\/mariage\/avis-photographe-mariage-nancy-metz-54\/\" \/>\n<meta property=\"og:locale\" content=\"fr_FR\" \/>\n<meta property=\"og:type\" content=\"article\" \/>\n<meta property=\"og:title\" content=\"Avis - Gentle Studio - Photographe Mariage\" \/>\n<meta property=\"og:description\" content=\"Avis pour Gentle Studio, Photographe Mariage. Photo Reportage et Vid\u00e9o de Mariage. Gentle Studio, Photographe Mariage \u00e0 Nancy, Metz, Strasbourg et Lorraine.\" \/>\n<meta property=\"og:url\" content=\"https:\/\/gentlestudio.fr\/mariage\/avis-photographe-mariage-nancy-metz-54\/\" \/>\n<meta property=\"og:site_name\" content=\"Photographe Mariage Gentle Studio\" \/>\n<meta property=\"article:publisher\" content=\"https:\/\/www.facebook.com\/Gentle-Studio-184752495025758\" \/>\n<meta property=\"article:modified_time\" content=\"2020-11-13T17:11:43+00:00\" \/>\n<meta property=\"og:image\" content=\"http:\/\/gentlestudio.fr\/mariage\/wp-content\/uploads\/2018\/07\/avis-photo-mariage-gentle-studio-avis-photographe-mariage-nancy-metz-strasbourg-lorraine-luxembourg-54-vosges-grand-est-meuthe-et-moselle.png\" \/>\n<meta name=\"twitter:card\" content=\"summary\" \/>\n<meta name=\"twitter:site\" content=\"@GentleStudio\" \/>\n<meta name=\"twitter:label1\" content=\"Dur\u00e9e de lecture est.\">\n\t<meta name=\"twitter:data1\" content=\"7 minutes\">\n<script type=\"application\/ld+json\" class=\"yoast-schema-graph\">{\"@context\":\"https:\/\/schema.org\",\"@graph\":[{\"@type\":\"Organization\",\"@id\":\"https:\/\/gentlestudio.fr\/mariage\/#organization\",\"name\":\"Gentle Studio Photographe Mariage\",\"url\":\"https:\/\/gentlestudio.fr\/mariage\/\",\"sameAs\":[\"https:\/\/www.facebook.com\/Gentle-Studio-184752495025758\",\"https:\/\/www.instagram.com\/gentlestudio\/\",\"https:\/\/www.linkedin.com\/in\/pierre-gentle-studio-01782275\",\"https:\/\/www.pinterest.com\/gentlestudio\/\",\"https:\/\/twitter.com\/GentleStudio\"],\"logo\":{\"@type\":\"ImageObject\",\"@id\":\"https:\/\/gentlestudio.fr\/mariage\/#logo\",\"inLanguage\":\"fr-FR\",\"url\":\"https:\/\/gentlestudio.fr\/mariage\/wp-content\/uploads\/2015\/11\/GS_LOGO-FILIGRANE_PNG_HD3.png\",\"contentUrl\":\"https:\/\/gentlestudio.fr\/mariage\/wp-content\/uploads\/2015\/11\/GS_LOGO-FILIGRANE_PNG_HD3.png\",\"width\":5566,\"height\":2436,\"caption\":\"Gentle Studio Photographe Mariage\"},\"image\":{\"@id\":\"https:\/\/gentlestudio.fr\/mariage\/#logo\"}},{\"@type\":\"WebSite\",\"@id\":\"https:\/\/gentlestudio.fr\/mariage\/#website\",\"url\":\"https:\/\/gentlestudio.fr\/mariage\/\",\"name\":\"Photographe Mariage Gentle Studio\",\"description\":\"Photographe Mariage Nancy Gentle Studio\",\"publisher\":{\"@id\":\"https:\/\/gentlestudio.fr\/mariage\/#organization\"},\"potentialAction\":[{\"@type\":\"SearchAction\",\"target\":\"https:\/\/gentlestudio.fr\/mariage\/?s={search_term_string}\",\"query-input\":\"required name=search_term_string\"}],\"inLanguage\":\"fr-FR\"},{\"@type\":\"ImageObject\",\"@id\":\"https:\/\/gentlestudio.fr\/mariage\/avis-photographe-mariage-nancy-metz-54\/#primaryimage\",\"inLanguage\":\"fr-FR\",\"url\":\"http:\/\/gentlestudio.fr\/mariage\/wp-content\/uploads\/2018\/07\/avis-photo-mariage-gentle-studio-avis-photographe-mariage-nancy-metz-strasbourg-lorraine-luxembourg-54-vosges-grand-est-meuthe-et-moselle.png\",\"contentUrl\":\"http:\/\/gentlestudio.fr\/mariage\/wp-content\/uploads\/2018\/07\/avis-photo-mariage-gentle-studio-avis-photographe-mariage-nancy-metz-strasbourg-lorraine-luxembourg-54-vosges-grand-est-meuthe-et-moselle.png\"},{\"@type\":\"WebPage\",\"@id\":\"https:\/\/gentlestudio.fr\/mariage\/avis-photographe-mariage-nancy-metz-54\/#webpage\",\"url\":\"https:\/\/gentlestudio.fr\/mariage\/avis-photographe-mariage-nancy-metz-54\/\",\"name\":\"Avis - Gentle Studio - Photographe Mariage\",\"isPartOf\":{\"@id\":\"https:\/\/gentlestudio.fr\/mariage\/#website\"},\"primaryImageOfPage\":{\"@id\":\"https:\/\/gentlestudio.fr\/mariage\/avis-photographe-mariage-nancy-metz-54\/#primaryimage\"},\"datePublished\":\"2015-11-11T16:55:21+00:00\",\"dateModified\":\"2020-11-13T17:11:43+00:00\",\"description\":\"Avis pour Gentle Studio, Photographe Mariage. Photo Reportage et Vid\\u00e9o de Mariage. Gentle Studio, Photographe Mariage \\u00e0 Nancy, Metz, Strasbourg et Lorraine.\",\"breadcrumb\":{\"@id\":\"https:\/\/gentlestudio.fr\/mariage\/avis-photographe-mariage-nancy-metz-54\/#breadcrumb\"},\"inLanguage\":\"fr-FR\",\"potentialAction\":[{\"@type\":\"ReadAction\",\"target\":[\"https:\/\/gentlestudio.fr\/mariage\/avis-photographe-mariage-nancy-metz-54\/\"]}]},{\"@type\":\"BreadcrumbList\",\"@id\":\"https:\/\/gentlestudio.fr\/mariage\/avis-photographe-mariage-nancy-metz-54\/#breadcrumb\",\"itemListElement\":[{\"@type\":\"ListItem\",\"position\":1,\"item\":{\"@type\":\"WebPage\",\"@id\":\"https:\/\/gentlestudio.fr\/mariage\/\",\"url\":\"https:\/\/gentlestudio.fr\/mariage\/\",\"name\":\"Accueil\"}},{\"@type\":\"ListItem\",\"position\":2,\"item\":{\"@id\":\"https:\/\/gentlestudio.fr\/mariage\/avis-photographe-mariage-nancy-metz-54\/#webpage\"}}]}]}<\/script>\n<!-- \/ Yoast SEO plugin. -->","_links":{"self":[{"href":"https:\/\/gentlestudio.fr\/mariage\/wp-json\/wp\/v2\/pages\/6056"}],"collection":[{"href":"https:\/\/gentlestudio.fr\/mariage\/wp-json\/wp\/v2\/pages"}],"about":[{"href":"https:\/\/gentlestudio.fr\/mariage\/wp-json\/wp\/v2\/types\/page"}],"author":[{"embeddable":true,"href":"https:\/\/gentlestudio.fr\/mariage\/wp-json\/wp\/v2\/users\/1"}],"replies":[{"embeddable":true,"href":"https:\/\/gentlestudio.fr\/mariage\/wp-json\/wp\/v2\/comments?post=6056"}],"version-history":[{"count":71,"href":"https:\/\/gentlestudio.fr\/mariage\/wp-json\/wp\/v2\/pages\/6056\/revisions"}],"predecessor-version":[{"id":6948,"href":"https:\/\/gentlestudio.fr\/mariage\/wp-json\/wp\/v2\/pages\/6056\/revisions\/6948"}],"wp:attachment":[{"href":"https:\/\/gentlestudio.fr\/mariage\/wp-json\/wp\/v2\/media?parent=6056"}],"curies":[{"name":"wp","href":"https:\/\/api.w.org\/{rel}","templated":true}]}}