{"id":2092,"date":"2014-03-31T03:53:02","date_gmt":"2014-03-31T01:53:02","guid":{"rendered":"http:\/\/themenectar.com\/demo\/salient-frostwave\/?page_id=2092"},"modified":"2022-08-05T16:33:29","modified_gmt":"2022-08-05T14:33:29","slug":"contact-photographe-mariage","status":"publish","type":"page","link":"https:\/\/gentlestudio.fr\/mariage\/contact-photographe-mariage\/","title":{"rendered":"Contact"},"content":{"rendered":"[vc_row type=\u00a0\u00bbfull_width_content\u00a0\u00bb full_screen_row_position=\u00a0\u00bbmiddle\u00a0\u00bb scene_position=\u00a0\u00bbcenter\u00a0\u00bb text_color=\u00a0\u00bbdark\u00a0\u00bb text_align=\u00a0\u00bbleft\u00a0\u00bb overlay_strength=\u00a0\u00bb0.3&Prime;][vc_column column_padding=\u00a0\u00bbno-extra-padding\u00a0\u00bb column_padding_position=\u00a0\u00bball\u00a0\u00bb background_color_opacity=\u00a0\u00bb1&Prime; background_hover_color_opacity=\u00a0\u00bb1&Prime; column_shadow=\u00a0\u00bbnone\u00a0\u00bb width=\u00a0\u00bb1\/1&Prime; tablet_text_alignment=\u00a0\u00bbdefault\u00a0\u00bb phone_text_alignment=\u00a0\u00bbdefault\u00a0\u00bb column_border_width=\u00a0\u00bbnone\u00a0\u00bb column_border_style=\u00a0\u00bbsolid\u00a0\u00bb][nectar_gmap zoom=\u00a0\u00bb16&Prime; enable_zoom=\u00a0\u00bb1&Prime; marker_style=\u00a0\u00bbdefault\u00a0\u00bb marker_image=\u00a0\u00bb6821&Prime; marker_animation=\u00a0\u00bb1&Prime; size=\u00a0\u00bb500&Prime; map_center_lat=\u00a0\u00bb48.696027&Prime; map_center_lng=\u00a0\u00bb6.168765&Prime; map_markers=\u00a0\u00bb48.696027|6.168765|GENTLE STUDIO &#8211; Photographe Mariage &#8211; 6 Sentier des Mensiaux, 54000 Nancy\u00a0\u00bb][\/vc_column][\/vc_row][vc_row type=\u00a0\u00bbfull_width_background\u00a0\u00bb full_screen_row_position=\u00a0\u00bbmiddle\u00a0\u00bb bg_color=\u00a0\u00bb#eb6865&Prime; scene_position=\u00a0\u00bbcenter\u00a0\u00bb text_color=\u00a0\u00bblight\u00a0\u00bb text_align=\u00a0\u00bbcenter\u00a0\u00bb top_padding=\u00a0\u00bb40&Prime; bottom_padding=\u00a0\u00bb40&Prime; overlay_strength=\u00a0\u00bb0.3&Prime;][vc_column column_padding=\u00a0\u00bbno-extra-padding\u00a0\u00bb column_padding_position=\u00a0\u00bball\u00a0\u00bb background_color_opacity=\u00a0\u00bb1&Prime; background_hover_color_opacity=\u00a0\u00bb1&Prime; column_shadow=\u00a0\u00bbnone\u00a0\u00bb width=\u00a0\u00bb1\/1&Prime; tablet_text_alignment=\u00a0\u00bbdefault\u00a0\u00bb phone_text_alignment=\u00a0\u00bbdefault\u00a0\u00bb column_border_width=\u00a0\u00bbnone\u00a0\u00bb column_border_style=\u00a0\u00bbsolid\u00a0\u00bb][vc_column_text]\n<h5>Contactez Gentle Studio, Photographe mariage maintenant via notre formulaire de contact photographe de mariage<\/h5>\n[\/vc_column_text][\/vc_column][\/vc_row][vc_row type=\u00a0\u00bbfull_width_background\u00a0\u00bb bg_color=\u00a0\u00bb#1c1c1c\u00a0\u00bb top_padding=\u00a0\u00bb70&Prime; bottom_padding=\u00a0\u00bb60&Prime;][vc_column width=\u00a0\u00bb2\/3&Prime;][vc_column_text]\n<div role=\"form\" class=\"wpcf7\" id=\"wpcf7-f5922-o1\" lang=\"fr-FR\" dir=\"ltr\">\n<div class=\"screen-reader-response\"><p role=\"status\" aria-live=\"polite\" aria-atomic=\"true\"><\/p> <ul><\/ul><\/div>\n<form action=\"\/mariage\/wp-json\/wp\/v2\/pages\/2092#wpcf7-f5922-o1\" method=\"post\" class=\"wpcf7-form init\" novalidate=\"novalidate\" data-status=\"init\">\n<div style=\"display: none;\">\n<input type=\"hidden\" name=\"_wpcf7\" value=\"5922\" \/>\n<input type=\"hidden\" name=\"_wpcf7_version\" value=\"5.4.1\" \/>\n<input type=\"hidden\" name=\"_wpcf7_locale\" value=\"fr_FR\" \/>\n<input type=\"hidden\" name=\"_wpcf7_unit_tag\" value=\"wpcf7-f5922-o1\" \/>\n<input type=\"hidden\" name=\"_wpcf7_container_post\" value=\"0\" \/>\n<input type=\"hidden\" name=\"_wpcf7_posted_data_hash\" value=\"\" \/>\n<\/div>\n<h1> Envoyer un message \u00e0 Gentle Studio : <\/h1>\n<p><\/br><\/p>\n<p>Votre nom (obligatoire)<br \/>\n    <span class=\"wpcf7-form-control-wrap your-name\"><input type=\"text\" name=\"your-name\" value=\"\" size=\"40\" class=\"wpcf7-form-control wpcf7-text wpcf7-validates-as-required\" aria-required=\"true\" aria-invalid=\"false\" \/><\/span> <\/p>\n<p>Votre email (obligatoire)<br \/>\n    <span class=\"wpcf7-form-control-wrap your-email\"><input type=\"email\" name=\"your-email\" value=\"\" size=\"40\" class=\"wpcf7-form-control wpcf7-text wpcf7-email wpcf7-validates-as-required wpcf7-validates-as-email\" aria-required=\"true\" aria-invalid=\"false\" \/><\/span> <\/p>\n<p>Sujet<br \/>\n    <span class=\"wpcf7-form-control-wrap your-subject\"><input type=\"text\" name=\"your-subject\" value=\"\" size=\"40\" class=\"wpcf7-form-control wpcf7-text\" aria-invalid=\"false\" \/><\/span> <\/p>\n<p>Votre message<br \/>\n    <span class=\"wpcf7-form-control-wrap your-message\"><textarea name=\"your-message\" cols=\"40\" rows=\"10\" class=\"wpcf7-form-control wpcf7-textarea\" aria-invalid=\"false\"><\/textarea><\/span> <\/p>\n<p><input type=\"submit\" value=\"Envoyer\" class=\"wpcf7-form-control wpcf7-submit\" \/><\/p>\n<div class=\"wpcf7-response-output\" aria-hidden=\"true\"><\/div><\/form><\/div>\n[\/vc_column_text][\/vc_column][vc_column width=\u00a0\u00bb1\/3&Prime;][vc_column_text]\n<h4>Contactez nos photographes de mariage<\/h4>\n<h5>Sp\u00e9cialis\u00e9s dans le <strong>photo-reportage<\/strong> de mariage, nos \u00e9quipes de professionnels mettent leur exp\u00e9rience et leur sensibilit\u00e9 <b>au service de vos souvenirs<\/b>. La base de notre travail est la discussion :<\/h5>\n[\/vc_column_text][divider custom_height=\u00a0\u00bb20&Prime;][vc_column_text]Nous tenons \u00e0 vous rencontrer afin de cerner vos envies et vous offrir un r\u00e9sultat <b>qui vous ressemble<\/b>. Tout au long de votre journ\u00e9e de mariage, nous serons pr\u00e9sents pour capturer chaque instant <strong>sur le vif<\/strong>, en toute discr\u00e9tion.<br \/>\nLe r\u00e9sultat refl\u00e9tera \u00e0 jamais l&rsquo;<strong>\u00e9motion<\/strong> de ce jour unique. M\u00ealant toujours le <strong>naturel<\/strong> \u00e0 un style cin\u00e9matographique.<\/p>\n<p>Envie d&rsquo;un <strong>Photo Reportage<\/strong> ou d&rsquo;une <strong>Vid\u00e9o de Mariage<\/strong> ?<br \/>\nGentle Studio, <strong>Photographe Mariage<\/strong> \u00e0 <strong>Nancy<\/strong>, <strong>Metz<\/strong>, <strong>Bar-le-Duc,<\/strong>\u00a0en <strong>Lorraine <\/strong>: Pour des images <b>marquantes et spontan\u00e9es<\/b>.[\/vc_column_text][divider custom_height=\u00a0\u00bb20&Prime;][vc_column_text]\n<p><img loading=\"lazy\" class=\"alignnone wp-image-6942 size-thumbnail\" src=\"https:\/\/gentlestudio.fr\/mariage\/wp-content\/uploads\/2020\/11\/TOP_PRO_2020-150x150.png\" alt=\"top_pro-photographe-nancy-2020-cat\u00e9gorie photographe de mariage \u00e0 nancy, metz.\" width=\"150\" height=\"150\" srcset=\"https:\/\/gentlestudio.fr\/mariage\/wp-content\/uploads\/2020\/11\/TOP_PRO_2020-150x150.png 150w, https:\/\/gentlestudio.fr\/mariage\/wp-content\/uploads\/2020\/11\/TOP_PRO_2020-100x100.png 100w, https:\/\/gentlestudio.fr\/mariage\/wp-content\/uploads\/2020\/11\/TOP_PRO_2020-140x140.png 140w, https:\/\/gentlestudio.fr\/mariage\/wp-content\/uploads\/2020\/11\/TOP_PRO_2020.png 250w\" sizes=\"(max-width: 150px) 100vw, 150px\" \/> <img loading=\"lazy\" class=\"wp-image-6943 size-thumbnail\" src=\"https:\/\/gentlestudio.fr\/mariage\/wp-content\/uploads\/2020\/11\/badge-mariages-net-recommande-2020-150x150.jpg\" alt=\"badge-mariages-net-photographe-mariage-nancy-recommande-2020\" width=\"150\" height=\"150\" srcset=\"https:\/\/gentlestudio.fr\/mariage\/wp-content\/uploads\/2020\/11\/badge-mariages-net-recommande-2020-150x150.jpg 150w, https:\/\/gentlestudio.fr\/mariage\/wp-content\/uploads\/2020\/11\/badge-mariages-net-recommande-2020-100x100.jpg 100w, https:\/\/gentlestudio.fr\/mariage\/wp-content\/uploads\/2020\/11\/badge-mariages-net-recommande-2020-140x140.jpg 140w, https:\/\/gentlestudio.fr\/mariage\/wp-content\/uploads\/2020\/11\/badge-mariages-net-recommande-2020.jpg 250w\" sizes=\"(max-width: 150px) 100vw, 150px\" \/><\/p>\n[\/vc_column_text][\/vc_column][\/vc_row][vc_row type=\u00a0\u00bbfull_width_background\u00a0\u00bb bg_color=\u00a0\u00bb#282828&Prime; text_color=\u00a0\u00bblight\u00a0\u00bb text_align=\u00a0\u00bbcenter\u00a0\u00bb top_padding=\u00a0\u00bb70&Prime; bottom_padding=\u00a0\u00bb70&Prime;][vc_column][vc_column_text]\n<h2>Nos bureaux sont situ\u00e9s \u00e0 Nancy et Bar le duc. N&rsquo;h\u00e9sitez pas \u00e0 nous contacter afin de nous rencontrer et parler de votre projet de vive voix, mais aussi voir <a href=\"https:\/\/gentlestudio.fr\/mariage\/\">nos r\u00e9alisations<\/a>.<\/h2>\n[\/vc_column_text][\/vc_column][\/vc_row]\n","protected":false},"excerpt":{"rendered":"<p>[vc_row type=\u00a0\u00bbfull_width_content\u00a0\u00bb full_screen_row_position=\u00a0\u00bbmiddle\u00a0\u00bb scene_position=\u00a0\u00bbcenter\u00a0\u00bb text_color=\u00a0\u00bbdark\u00a0\u00bb text_align=\u00a0\u00bbleft\u00a0\u00bb overlay_strength=\u00a0\u00bb0.3&Prime;][vc_column column_padding=\u00a0\u00bbno-extra-padding\u00a0\u00bb column_padding_position=\u00a0\u00bball\u00a0\u00bb background_color_opacity=\u00a0\u00bb1&Prime; background_hover_color_opacity=\u00a0\u00bb1&Prime; column_shadow=\u00a0\u00bbnone\u00a0\u00bb width=\u00a0\u00bb1\/1&Prime; tablet_text_alignment=\u00a0\u00bbdefault\u00a0\u00bb phone_text_alignment=\u00a0\u00bbdefault\u00a0\u00bb column_border_width=\u00a0\u00bbnone\u00a0\u00bb column_border_style=\u00a0\u00bbsolid\u00a0\u00bb][nectar_gmap zoom=\u00a0\u00bb16&Prime; enable_zoom=\u00a0\u00bb1&Prime; marker_style=\u00a0\u00bbdefault\u00a0\u00bb marker_image=\u00a0\u00bb6821&Prime; marker_animation=\u00a0\u00bb1&Prime; size=\u00a0\u00bb500&Prime; map_center_lat=\u00a0\u00bb48.696027&Prime; map_center_lng=\u00a0\u00bb6.168765&Prime; map_markers=\u00a0\u00bb48.696027|6.168765|GENTLE STUDIO &#8211; Photographe Mariage&#8230;<\/p>\n","protected":false},"author":1,"featured_media":0,"parent":0,"menu_order":4,"comment_status":"open","ping_status":"closed","template":"","meta":[],"yoast_head":"<!-- This site is optimized with the Yoast SEO plugin v16.2 - https:\/\/yoast.com\/wordpress\/plugins\/seo\/ -->\n<title>Contact Photographe Mariage - Contacter Gentle Studio Mariage<\/title>\n<meta name=\"description\" content=\"Contact Photographe Mariage Gentle Studio. Contactez votre Photographe Mariage \u00e0 Nancy, Bar-le-Duc, Lorraine. Adresse, t\u00e9l et devis photographe mariage.\" \/>\n<meta name=\"robots\" content=\"index, follow, max-snippet:-1, max-image-preview:large, max-video-preview:-1\" \/>\n<link rel=\"canonical\" href=\"https:\/\/gentlestudio.fr\/mariage\/contact-photographe-mariage\/\" \/>\n<meta property=\"og:locale\" content=\"fr_FR\" \/>\n<meta property=\"og:type\" content=\"article\" \/>\n<meta property=\"og:title\" content=\"Contact Photographe Mariage - Contacter Gentle Studio Mariage\" \/>\n<meta property=\"og:description\" content=\"Contact Photographe Mariage Gentle Studio. Contactez votre Photographe Mariage \u00e0 Nancy, Bar-le-Duc, Lorraine. Adresse, t\u00e9l et devis photographe mariage.\" \/>\n<meta property=\"og:url\" content=\"https:\/\/gentlestudio.fr\/mariage\/contact-photographe-mariage\/\" \/>\n<meta property=\"og:site_name\" content=\"Photographe Mariage Gentle Studio\" \/>\n<meta property=\"article:publisher\" content=\"https:\/\/www.facebook.com\/Gentle-Studio-184752495025758\" \/>\n<meta property=\"article:modified_time\" content=\"2022-08-05T14:33:29+00:00\" \/>\n<meta property=\"og:image\" content=\"https:\/\/gentlestudio.fr\/mariage\/wp-content\/uploads\/2020\/11\/TOP_PRO_2020-150x150.png\" \/>\n<meta name=\"twitter:card\" content=\"summary\" \/>\n<meta name=\"twitter:site\" content=\"@GentleStudio\" \/>\n<meta name=\"twitter:label1\" content=\"Dur\u00e9e de lecture est.\">\n\t<meta name=\"twitter:data1\" content=\"2 minutes\">\n<script type=\"application\/ld+json\" class=\"yoast-schema-graph\">{\"@context\":\"https:\/\/schema.org\",\"@graph\":[{\"@type\":\"Organization\",\"@id\":\"https:\/\/gentlestudio.fr\/mariage\/#organization\",\"name\":\"Gentle Studio Photographe Mariage\",\"url\":\"https:\/\/gentlestudio.fr\/mariage\/\",\"sameAs\":[\"https:\/\/www.facebook.com\/Gentle-Studio-184752495025758\",\"https:\/\/www.instagram.com\/gentlestudio\/\",\"https:\/\/www.linkedin.com\/in\/pierre-gentle-studio-01782275\",\"https:\/\/www.pinterest.com\/gentlestudio\/\",\"https:\/\/twitter.com\/GentleStudio\"],\"logo\":{\"@type\":\"ImageObject\",\"@id\":\"https:\/\/gentlestudio.fr\/mariage\/#logo\",\"inLanguage\":\"fr-FR\",\"url\":\"https:\/\/gentlestudio.fr\/mariage\/wp-content\/uploads\/2015\/11\/GS_LOGO-FILIGRANE_PNG_HD3.png\",\"contentUrl\":\"https:\/\/gentlestudio.fr\/mariage\/wp-content\/uploads\/2015\/11\/GS_LOGO-FILIGRANE_PNG_HD3.png\",\"width\":5566,\"height\":2436,\"caption\":\"Gentle Studio Photographe Mariage\"},\"image\":{\"@id\":\"https:\/\/gentlestudio.fr\/mariage\/#logo\"}},{\"@type\":\"WebSite\",\"@id\":\"https:\/\/gentlestudio.fr\/mariage\/#website\",\"url\":\"https:\/\/gentlestudio.fr\/mariage\/\",\"name\":\"Photographe Mariage Gentle Studio\",\"description\":\"Photographe Mariage Nancy Gentle Studio\",\"publisher\":{\"@id\":\"https:\/\/gentlestudio.fr\/mariage\/#organization\"},\"potentialAction\":[{\"@type\":\"SearchAction\",\"target\":\"https:\/\/gentlestudio.fr\/mariage\/?s={search_term_string}\",\"query-input\":\"required name=search_term_string\"}],\"inLanguage\":\"fr-FR\"},{\"@type\":\"ImageObject\",\"@id\":\"https:\/\/gentlestudio.fr\/mariage\/contact-photographe-mariage\/#primaryimage\",\"inLanguage\":\"fr-FR\",\"url\":\"https:\/\/gentlestudio.fr\/mariage\/wp-content\/uploads\/2020\/11\/TOP_PRO_2020.png\",\"contentUrl\":\"https:\/\/gentlestudio.fr\/mariage\/wp-content\/uploads\/2020\/11\/TOP_PRO_2020.png\",\"width\":250,\"height\":250,\"caption\":\"top_pro-photographe-nancy-2020-cat\\u00e9gorie photographe de mariage \\u00e0 nancy, metz.\"},{\"@type\":\"WebPage\",\"@id\":\"https:\/\/gentlestudio.fr\/mariage\/contact-photographe-mariage\/#webpage\",\"url\":\"https:\/\/gentlestudio.fr\/mariage\/contact-photographe-mariage\/\",\"name\":\"Contact Photographe Mariage - Contacter Gentle Studio Mariage\",\"isPartOf\":{\"@id\":\"https:\/\/gentlestudio.fr\/mariage\/#website\"},\"primaryImageOfPage\":{\"@id\":\"https:\/\/gentlestudio.fr\/mariage\/contact-photographe-mariage\/#primaryimage\"},\"datePublished\":\"2014-03-31T01:53:02+00:00\",\"dateModified\":\"2022-08-05T14:33:29+00:00\",\"description\":\"Contact Photographe Mariage Gentle Studio. Contactez votre Photographe Mariage \\u00e0 Nancy, Bar-le-Duc, Lorraine. Adresse, t\\u00e9l et devis photographe mariage.\",\"breadcrumb\":{\"@id\":\"https:\/\/gentlestudio.fr\/mariage\/contact-photographe-mariage\/#breadcrumb\"},\"inLanguage\":\"fr-FR\",\"potentialAction\":[{\"@type\":\"ReadAction\",\"target\":[\"https:\/\/gentlestudio.fr\/mariage\/contact-photographe-mariage\/\"]}]},{\"@type\":\"BreadcrumbList\",\"@id\":\"https:\/\/gentlestudio.fr\/mariage\/contact-photographe-mariage\/#breadcrumb\",\"itemListElement\":[{\"@type\":\"ListItem\",\"position\":1,\"item\":{\"@type\":\"WebPage\",\"@id\":\"https:\/\/gentlestudio.fr\/mariage\/\",\"url\":\"https:\/\/gentlestudio.fr\/mariage\/\",\"name\":\"Accueil\"}},{\"@type\":\"ListItem\",\"position\":2,\"item\":{\"@id\":\"https:\/\/gentlestudio.fr\/mariage\/contact-photographe-mariage\/#webpage\"}}]}]}<\/script>\n<!-- \/ Yoast SEO plugin. -->","_links":{"self":[{"href":"https:\/\/gentlestudio.fr\/mariage\/wp-json\/wp\/v2\/pages\/2092"}],"collection":[{"href":"https:\/\/gentlestudio.fr\/mariage\/wp-json\/wp\/v2\/pages"}],"about":[{"href":"https:\/\/gentlestudio.fr\/mariage\/wp-json\/wp\/v2\/types\/page"}],"author":[{"embeddable":true,"href":"https:\/\/gentlestudio.fr\/mariage\/wp-json\/wp\/v2\/users\/1"}],"replies":[{"embeddable":true,"href":"https:\/\/gentlestudio.fr\/mariage\/wp-json\/wp\/v2\/comments?post=2092"}],"version-history":[{"count":40,"href":"https:\/\/gentlestudio.fr\/mariage\/wp-json\/wp\/v2\/pages\/2092\/revisions"}],"predecessor-version":[{"id":6965,"href":"https:\/\/gentlestudio.fr\/mariage\/wp-json\/wp\/v2\/pages\/2092\/revisions\/6965"}],"wp:attachment":[{"href":"https:\/\/gentlestudio.fr\/mariage\/wp-json\/wp\/v2\/media?parent=2092"}],"curies":[{"name":"wp","href":"https:\/\/api.w.org\/{rel}","templated":true}]}}