{"id":3120,"date":"2015-11-12T22:39:43","date_gmt":"2015-11-12T21:39:43","guid":{"rendered":"http:\/\/gentlestudio.fr\/produit\/?page_id=3120"},"modified":"2020-09-16T13:23:04","modified_gmt":"2020-09-16T12:23:04","slug":"tarifs-devis-photographe-produit-nancy-metz","status":"publish","type":"page","link":"http:\/\/gentlestudio.fr\/produit\/tarifs-devis-photographe-produit-nancy-metz\/","title":{"rendered":"Tarifs photo produits"},"content":{"rendered":"[vc_row type=\u00a0\u00bbin_container\u00a0\u00bb full_screen_row_position=\u00a0\u00bbmiddle\u00a0\u00bb scene_position=\u00a0\u00bbcenter\u00a0\u00bb text_color=\u00a0\u00bbdark\u00a0\u00bb text_align=\u00a0\u00bbleft\u00a0\u00bb top_padding=\u00a0\u00bb40&Prime; overlay_strength=\u00a0\u00bb0.3&Prime; shape_divider_position=\u00a0\u00bbbottom\u00a0\u00bb bg_image_animation=\u00a0\u00bbnone\u00a0\u00bb][vc_column column_padding=\u00a0\u00bbno-extra-padding\u00a0\u00bb column_padding_position=\u00a0\u00bball\u00a0\u00bb background_color_opacity=\u00a0\u00bb1&Prime; background_hover_color_opacity=\u00a0\u00bb1&Prime; column_link_target=\u00a0\u00bb_self\u00a0\u00bb column_shadow=\u00a0\u00bbnone\u00a0\u00bb column_border_radius=\u00a0\u00bbnone\u00a0\u00bb width=\u00a0\u00bb1\/1&Prime; tablet_width_inherit=\u00a0\u00bbdefault\u00a0\u00bb tablet_text_alignment=\u00a0\u00bbdefault\u00a0\u00bb phone_text_alignment=\u00a0\u00bbdefault\u00a0\u00bb column_border_width=\u00a0\u00bbnone\u00a0\u00bb column_border_style=\u00a0\u00bbsolid\u00a0\u00bb bg_image_animation=\u00a0\u00bbnone\u00a0\u00bb][pricing_table style=\u00a0\u00bbdefault\u00a0\u00bb columns=\u00a0\u00bb4&Prime;][pricing_column color=\u00a0\u00bbAccent-Color\u00a0\u00bb title=\u00a0\u00bb1 objet\u00a0\u00bb price=\u00a0\u00bb90&Prime; currency_symbol=\u00a0\u00bb\u20ac\u00a0\u00bb interval=\u00a0\u00bbou plus selon demandes\u00a0\u00bb id=\u00a0\u00bb1600258118202-7&Prime; tab_id=\u00a0\u00bb1600258118203-4&Prime;]\n<ul class=\"features\">\n<li>Dur\u00e9e du shooting : 1H<\/li>\n<li>Les photos rendues sur Galerie en ligne sous 5 jours<\/li>\n<li>Fichiers en jpg HD<\/li>\n<li>Cession des droits \u00e0 pr\u00e9voir<\/li>\n<\/ul>\n<a class=\"nectar-button n-sc-button large accent-color regular-button\"  href=\"http:\/\/gentlestudio.fr\/produit\/contact-photographe-produits-culinaire-nancy-metz-strasbourg\/\" data-color-override=\"false\" data-hover-color-override=\"false\" data-hover-text-color-override=\"#fff\"><span>Nous contacter<\/span><\/a>[\/pricing_column][pricing_column highlight=\u00a0\u00bbtrue\u00a0\u00bb color=\u00a0\u00bbAccent-Color\u00a0\u00bb title=\u00a0\u00bb2 \u00e0 3 objets\u00a0\u00bb price=\u00a0\u00bb150&Prime; currency_symbol=\u00a0\u00bb\u20ac\u00a0\u00bb interval=\u00a0\u00bbou plus selon demandes\u00a0\u00bb id=\u00a0\u00bb1600258118241-10&Prime; tab_id=\u00a0\u00bb1600258118242-6&Prime; highlight_reason=\u00a0\u00bbNotre forfait le plus populaire !\u00a0\u00bb]\n<ul class=\"features\">\n<li>Dur\u00e9e du shooting : 1H \u00e0 2H<\/li>\n<li>Les photos rendues sur Galerie en ligne sous 5 jours<\/li>\n<li>Fichiers en jpg HD<\/li>\n<li>Cession des droits \u00e0 pr\u00e9voir<\/li>\n<\/ul>\n<a class=\"nectar-button n-sc-button large accent-color regular-button\"  href=\"http:\/\/gentlestudio.fr\/produit\/contact-photographe-produits-culinaire-nancy-metz-strasbourg\/\" data-color-override=\"false\" data-hover-color-override=\"false\" data-hover-text-color-override=\"#fff\"><span>Nous contacter<\/span><\/a>[\/pricing_column][pricing_column color=\u00a0\u00bbAccent-Color\u00a0\u00bb title=\u00a0\u00bb4 objets ou +\u00a0\u00bb price=\u00a0\u00bb290&Prime; currency_symbol=\u00a0\u00bb\u20ac\u00a0\u00bb interval=\u00a0\u00bbou plus selon demandes\u00a0\u00bb id=\u00a0\u00bb1600258118262-0&Prime; tab_id=\u00a0\u00bb1600258118263-9&Prime;]\n<ul class=\"features\">\n<li>Dur\u00e9e du shooting : 2H \u00e0 3H<\/li>\n<li>Les photos rendues sur Galerie en ligne sous 8 jours<\/li>\n<li>fichiers en jpg HD<\/li>\n<li>Cession des droits \u00e0 pr\u00e9voir<\/li>\n<\/ul>\n<a class=\"nectar-button n-sc-button large accent-color regular-button\"  href=\"http:\/\/gentlestudio.fr\/produit\/contact-photographe-produits-culinaire-nancy-metz-strasbourg\/\" data-color-override=\"false\" data-hover-color-override=\"false\" data-hover-text-color-override=\"#fff\"><span>Nous contacter<\/span><\/a>[\/pricing_column][pricing_column color=\u00a0\u00bbAccent-Color\u00a0\u00bb title=\u00a0\u00bbObjets volumineux\u00a0\u00bb price=\u00a0\u00bb480&Prime; currency_symbol=\u00a0\u00bb\u20ac\u00a0\u00bb interval=\u00a0\u00bbminimum\u00a0\u00bb id=\u00a0\u00bb1600258118278-2&Prime; tab_id=\u00a0\u00bb1600258118278-0&Prime;]\n<ul class=\"features\">\n<li>Dur\u00e9e du shooting : 2H ou +<\/li>\n<li>Si mobilier ou v\u00e9hicule : RDV pr\u00e9alable obligatoire<\/li>\n<li>Frais de location de studio \u00e9ventuels<\/li>\n<li>Les photos rendues sur Galerie en ligne sous 10 jours<\/li>\n<li>Fichiers en jpg HD<\/li>\n<li>Cession des droits \u00e0 pr\u00e9voir<\/li>\n<\/ul>\n<a class=\"nectar-button n-sc-button large accent-color regular-button\"  href=\"http:\/\/gentlestudio.fr\/produit\/contact-photographe-produits-culinaire-nancy-metz-strasbourg\/\" data-color-override=\"false\" data-hover-color-override=\"false\" data-hover-text-color-override=\"#fff\"><span>Nous contacter<\/span><\/a>[\/pricing_column][\/pricing_table][\/vc_column][\/vc_row][vc_row type=\u00a0\u00bbin_container\u00a0\u00bb full_screen_row_position=\u00a0\u00bbmiddle\u00a0\u00bb scene_position=\u00a0\u00bbcenter\u00a0\u00bb text_color=\u00a0\u00bbdark\u00a0\u00bb text_align=\u00a0\u00bbleft\u00a0\u00bb top_padding=\u00a0\u00bb30&Prime; overlay_strength=\u00a0\u00bb0.3&Prime; shape_divider_position=\u00a0\u00bbbottom\u00a0\u00bb bg_image_animation=\u00a0\u00bbnone\u00a0\u00bb][vc_column column_padding=\u00a0\u00bbno-extra-padding\u00a0\u00bb column_padding_position=\u00a0\u00bball\u00a0\u00bb background_color_opacity=\u00a0\u00bb1&Prime; background_hover_color_opacity=\u00a0\u00bb1&Prime; column_link_target=\u00a0\u00bb_self\u00a0\u00bb column_shadow=\u00a0\u00bbnone\u00a0\u00bb column_border_radius=\u00a0\u00bbnone\u00a0\u00bb width=\u00a0\u00bb1\/1&Prime; tablet_width_inherit=\u00a0\u00bbdefault\u00a0\u00bb tablet_text_alignment=\u00a0\u00bbdefault\u00a0\u00bb phone_text_alignment=\u00a0\u00bbdefault\u00a0\u00bb column_border_width=\u00a0\u00bbnone\u00a0\u00bb column_border_style=\u00a0\u00bbsolid\u00a0\u00bb bg_image_animation=\u00a0\u00bbnone\u00a0\u00bb][vc_column_text]\n<h2>Questions fr\u00e9quemment pos\u00e9es concernant les Tarifs de photo produits<\/h2>\n[\/vc_column_text][\/vc_column][\/vc_row][vc_row type=\u00a0\u00bbfull_width_background\u00a0\u00bb full_screen_row_position=\u00a0\u00bbmiddle\u00a0\u00bb bg_color=\u00a0\u00bb#efeae6&Prime; scene_position=\u00a0\u00bbcenter\u00a0\u00bb text_color=\u00a0\u00bbdark\u00a0\u00bb text_align=\u00a0\u00bbleft\u00a0\u00bb top_padding=\u00a0\u00bb40&Prime; bottom_padding=\u00a0\u00bb40&Prime; overlay_strength=\u00a0\u00bb0.3&Prime; shape_divider_position=\u00a0\u00bbbottom\u00a0\u00bb bg_image_animation=\u00a0\u00bbnone\u00a0\u00bb][vc_column column_padding=\u00a0\u00bbno-extra-padding\u00a0\u00bb column_padding_position=\u00a0\u00bball\u00a0\u00bb background_color_opacity=\u00a0\u00bb1&Prime; background_hover_color_opacity=\u00a0\u00bb1&Prime; column_link_target=\u00a0\u00bb_self\u00a0\u00bb column_shadow=\u00a0\u00bbnone\u00a0\u00bb column_border_radius=\u00a0\u00bbnone\u00a0\u00bb boxed=\u00a0\u00bbtrue\u00a0\u00bb width=\u00a0\u00bb1\/2&Prime; tablet_width_inherit=\u00a0\u00bbdefault\u00a0\u00bb tablet_text_alignment=\u00a0\u00bbdefault\u00a0\u00bb phone_text_alignment=\u00a0\u00bbdefault\u00a0\u00bb column_border_width=\u00a0\u00bbnone\u00a0\u00bb column_border_style=\u00a0\u00bbsolid\u00a0\u00bb bg_image_animation=\u00a0\u00bbnone\u00a0\u00bb][vc_column_text]\n<h2>\u00ab\u00a0Comment r\u00e9server vos services de Photo produits ?\u00a0\u00bb<\/h2>\n<p>Nous tenons si possible \u00e0 vous rencontrer en personne. Lors de ce rendez-vous nous vous montrerons des exemples de notre travail et r\u00e9pondrons \u00e0 toutes vos questions concernant nos tarifs, forfaits et techniques.<\/p>\n<p>Afin de r\u00e9server nos services, il vous suffira de verser une avance de 30 % . Un contrat vous sera remis en main propre.<\/p>\n<p>La rencontre est un instant privil\u00e9gi\u00e9 o\u00f9 nous d\u00e9terminerons ensemble quels sont vos besoins. <a href=\"http:\/\/gentlestudio.fr\/produit\/contact-photographe-produits-culinaire-nancy-metz-strasbourg\/\">Fixez un rdv par t\u00e9l\u00e9phone<\/a> ou <a href=\"http:\/\/gentlestudio.fr\/produit\/contact-photographe-produits-culinaire-nancy-metz-strasbourg\/\">Demandez \u00e0 nous rencontrer ou \u00e0 obtenir un Devis.<\/a>[\/vc_column_text][\/vc_column][vc_column column_padding=\u00a0\u00bbno-extra-padding\u00a0\u00bb column_padding_position=\u00a0\u00bball\u00a0\u00bb background_color_opacity=\u00a0\u00bb1&Prime; background_hover_color_opacity=\u00a0\u00bb1&Prime; column_link_target=\u00a0\u00bb_self\u00a0\u00bb column_shadow=\u00a0\u00bbnone\u00a0\u00bb column_border_radius=\u00a0\u00bbnone\u00a0\u00bb boxed=\u00a0\u00bbtrue\u00a0\u00bb width=\u00a0\u00bb1\/2&Prime; tablet_width_inherit=\u00a0\u00bbdefault\u00a0\u00bb tablet_text_alignment=\u00a0\u00bbdefault\u00a0\u00bb phone_text_alignment=\u00a0\u00bbdefault\u00a0\u00bb column_border_width=\u00a0\u00bbnone\u00a0\u00bb column_border_style=\u00a0\u00bbsolid\u00a0\u00bb bg_image_animation=\u00a0\u00bbnone\u00a0\u00bb][vc_column_text]\n<h2>\u00ab\u00a0Quels supports proposez-vous ?\u00a0\u00bb<\/h2>\n<p>Pour chaque forfait, vous aurez toutes vos photos sur une galerie ne ligne priv\u00e9e.<br \/>\nVous aurez alors la possibilit\u00e9 de voir toutes les photos mais aussi de t\u00e9l\u00e9charger vos favorites librement.<br \/>\nNous pouvons fournir les fichiers en jpg HD mais aussi en JPG optimis\u00e9s pour les catalogues ou le web.<br \/>\nVous pourrez aussi nous commander des tirages ou albums en ligne.<br \/>\n<a href=\"http:\/\/gentlestudio.fr\/produit\/contact-photographe-produits-culinaire-nancy-metz-strasbourg\/\">Demandez nous un devis ou encore \u00e0 en voir plus, le jour de notre rencontre !<\/a>[\/vc_column_text][\/vc_column][\/vc_row][vc_row type=\u00a0\u00bbfull_width_background\u00a0\u00bb full_screen_row_position=\u00a0\u00bbmiddle\u00a0\u00bb bg_color=\u00a0\u00bb#efeae6&Prime; scene_position=\u00a0\u00bbcenter\u00a0\u00bb text_color=\u00a0\u00bbdark\u00a0\u00bb text_align=\u00a0\u00bbleft\u00a0\u00bb top_padding=\u00a0\u00bb30&Prime; bottom_padding=\u00a0\u00bb80&Prime; overlay_strength=\u00a0\u00bb0.3&Prime; shape_divider_position=\u00a0\u00bbbottom\u00a0\u00bb bg_image_animation=\u00a0\u00bbnone\u00a0\u00bb][vc_column column_padding=\u00a0\u00bbno-extra-padding\u00a0\u00bb column_padding_position=\u00a0\u00bball\u00a0\u00bb background_color_opacity=\u00a0\u00bb1&Prime; background_hover_color_opacity=\u00a0\u00bb1&Prime; column_link_target=\u00a0\u00bb_self\u00a0\u00bb column_shadow=\u00a0\u00bbnone\u00a0\u00bb column_border_radius=\u00a0\u00bbnone\u00a0\u00bb boxed=\u00a0\u00bbtrue\u00a0\u00bb width=\u00a0\u00bb1\/2&Prime; tablet_width_inherit=\u00a0\u00bbdefault\u00a0\u00bb tablet_text_alignment=\u00a0\u00bbdefault\u00a0\u00bb phone_text_alignment=\u00a0\u00bbdefault\u00a0\u00bb column_border_width=\u00a0\u00bbnone\u00a0\u00bb column_border_style=\u00a0\u00bbsolid\u00a0\u00bb bg_image_animation=\u00a0\u00bbnone\u00a0\u00bb][vc_column_text]\n<h2>\u00ab\u00a0Peut-on demander un tarif ou forfait \u00ab\u00a0\u00e0 la carte\u00a0\u00bb ?\u00a0\u00bb<\/h2>\n<p>Tout \u00e0 fait, les prix et forfaits indiqu\u00e9s ici le sont \u00e0 titre indicatif.<br \/>\nVous pouvez demander \u00e0 votre photographe un forfait sur mesure si les dur\u00e9es ou tarifs ne vous conviennent pas tout \u00e0 fait.<\/p>\n<p>Pour cela n&rsquo;h\u00e9sitez pas \u00e0 nous <a href=\"http:\/\/gentlestudio.fr\/produit\/contact-photographe-produits-culinaire-nancy-metz-strasbourg\/\">contacter.<\/a>[\/vc_column_text][\/vc_column][vc_column column_padding=\u00a0\u00bbno-extra-padding\u00a0\u00bb column_padding_position=\u00a0\u00bball\u00a0\u00bb background_color_opacity=\u00a0\u00bb1&Prime; background_hover_color_opacity=\u00a0\u00bb1&Prime; column_link_target=\u00a0\u00bb_self\u00a0\u00bb column_shadow=\u00a0\u00bbnone\u00a0\u00bb column_border_radius=\u00a0\u00bbnone\u00a0\u00bb boxed=\u00a0\u00bbtrue\u00a0\u00bb width=\u00a0\u00bb1\/2&Prime; tablet_width_inherit=\u00a0\u00bbdefault\u00a0\u00bb tablet_text_alignment=\u00a0\u00bbdefault\u00a0\u00bb phone_text_alignment=\u00a0\u00bbdefault\u00a0\u00bb column_border_width=\u00a0\u00bbnone\u00a0\u00bb column_border_style=\u00a0\u00bbsolid\u00a0\u00bb bg_image_animation=\u00a0\u00bbnone\u00a0\u00bb][vc_column_text]\n<h2>\u00ab\u00a0Comment puis-je mettre en valeur mes produits ?\u00a0\u00bb<\/h2>\n<p>C&rsquo;est l&rsquo;une des parties les plus importante de notre travail : mettre notre savoir-faire au service de votre image.<br \/>\nPour cela, nous trouvons essentiel de r\u00e9fl\u00e9chir avec vous du r\u00e9sultat voulu :<\/p>\n<ul>\n<li>photographie de produits sur fond blanc ?<\/li>\n<li>photos de produits mis en sc\u00e8ne ?<\/li>\n<li>diff\u00e9rents angles de prise de vue ?<\/li>\n<\/ul>\n<p>Pour en parler, <a href=\"http:\/\/gentlestudio.fr\/produit\/contact-photographe-produits-culinaire-nancy-metz-strasbourg\/\">contactez-nous afin de fixer un rdv.<\/a>[\/vc_column_text][\/vc_column][\/vc_row][vc_row type=\u00a0\u00bbin_container\u00a0\u00bb full_screen_row_position=\u00a0\u00bbmiddle\u00a0\u00bb scene_position=\u00a0\u00bbcenter\u00a0\u00bb text_color=\u00a0\u00bbdark\u00a0\u00bb text_align=\u00a0\u00bbleft\u00a0\u00bb overlay_strength=\u00a0\u00bb0.3&Prime; shape_divider_position=\u00a0\u00bbbottom\u00a0\u00bb bg_image_animation=\u00a0\u00bbnone\u00a0\u00bb][vc_column column_padding=\u00a0\u00bbno-extra-padding\u00a0\u00bb column_padding_position=\u00a0\u00bball\u00a0\u00bb background_color_opacity=\u00a0\u00bb1&Prime; background_hover_color_opacity=\u00a0\u00bb1&Prime; column_link_target=\u00a0\u00bb_self\u00a0\u00bb column_shadow=\u00a0\u00bbnone\u00a0\u00bb column_border_radius=\u00a0\u00bbnone\u00a0\u00bb width=\u00a0\u00bb1\/2&Prime; tablet_width_inherit=\u00a0\u00bbdefault\u00a0\u00bb tablet_text_alignment=\u00a0\u00bbdefault\u00a0\u00bb phone_text_alignment=\u00a0\u00bbdefault\u00a0\u00bb column_border_width=\u00a0\u00bbnone\u00a0\u00bb column_border_style=\u00a0\u00bbsolid\u00a0\u00bb bg_image_animation=\u00a0\u00bbnone\u00a0\u00bb][image_with_animation image_url=\u00a0\u00bb3295&Prime; alignment=\u00a0\u00bbcenter\u00a0\u00bb animation=\u00a0\u00bbFlip In\u00a0\u00bb border_radius=\u00a0\u00bbnone\u00a0\u00bb box_shadow=\u00a0\u00bbnone\u00a0\u00bb max_width=\u00a0\u00bb100%\u00a0\u00bb delay=\u00a0\u00bb240&Prime; margin_top=\u00a0\u00bb20&Prime; margin_bottom=\u00a0\u00bb5&Prime;][\/vc_column][vc_column column_padding=\u00a0\u00bbno-extra-padding\u00a0\u00bb column_padding_position=\u00a0\u00bball\u00a0\u00bb background_color_opacity=\u00a0\u00bb1&Prime; background_hover_color_opacity=\u00a0\u00bb1&Prime; column_link_target=\u00a0\u00bb_self\u00a0\u00bb column_shadow=\u00a0\u00bbnone\u00a0\u00bb column_border_radius=\u00a0\u00bbnone\u00a0\u00bb top_margin=\u00a0\u00bb120&Prime; width=\u00a0\u00bb1\/2&Prime; tablet_width_inherit=\u00a0\u00bbdefault\u00a0\u00bb tablet_text_alignment=\u00a0\u00bbdefault\u00a0\u00bb phone_text_alignment=\u00a0\u00bbdefault\u00a0\u00bb column_border_width=\u00a0\u00bbnone\u00a0\u00bb column_border_style=\u00a0\u00bbsolid\u00a0\u00bb bg_image_animation=\u00a0\u00bbnone\u00a0\u00bb][vc_column_text css_animation=\u00a0\u00bbfadeInRight\u00a0\u00bb]Gentle Studio Produits a \u00e9t\u00e9 reconnu Top Pro par la communaut\u00e9 StarOfService depuis 2016.[\/vc_column_text][\/vc_column][\/vc_row]\n","protected":false},"excerpt":{"rendered":"<p>[vc_row type=\u00a0\u00bbin_container\u00a0\u00bb full_screen_row_position=\u00a0\u00bbmiddle\u00a0\u00bb scene_position=\u00a0\u00bbcenter\u00a0\u00bb text_color=\u00a0\u00bbdark\u00a0\u00bb text_align=\u00a0\u00bbleft\u00a0\u00bb top_padding=\u00a0\u00bb40&Prime; overlay_strength=\u00a0\u00bb0.3&Prime; shape_divider_position=\u00a0\u00bbbottom\u00a0\u00bb bg_image_animation=\u00a0\u00bbnone\u00a0\u00bb][vc_column column_padding=\u00a0\u00bbno-extra-padding\u00a0\u00bb column_padding_position=\u00a0\u00bball\u00a0\u00bb background_color_opacity=\u00a0\u00bb1&Prime; background_hover_color_opacity=\u00a0\u00bb1&Prime; column_link_target=\u00a0\u00bb_self\u00a0\u00bb column_shadow=\u00a0\u00bbnone\u00a0\u00bb column_border_radius=\u00a0\u00bbnone\u00a0\u00bb width=\u00a0\u00bb1\/1&Prime; tablet_width_inherit=\u00a0\u00bbdefault\u00a0\u00bb tablet_text_alignment=\u00a0\u00bbdefault\u00a0\u00bb phone_text_alignment=\u00a0\u00bbdefault\u00a0\u00bb column_border_width=\u00a0\u00bbnone\u00a0\u00bb column_border_style=\u00a0\u00bbsolid\u00a0\u00bb bg_image_animation=\u00a0\u00bbnone\u00a0\u00bb][pricing_table style=\u00a0\u00bbdefault\u00a0\u00bb columns=\u00a0\u00bb4&Prime;][pricing_column color=\u00a0\u00bbAccent-Color\u00a0\u00bb title=\u00a0\u00bb1 objet\u00a0\u00bb price=\u00a0\u00bb90&Prime;&#8230;<\/p>\n","protected":false},"author":1,"featured_media":0,"parent":0,"menu_order":3,"comment_status":"closed","ping_status":"closed","template":"","meta":[],"yoast_head":"<!-- This site is optimized with the Yoast SEO plugin v15.2 - https:\/\/yoast.com\/wordpress\/plugins\/seo\/ -->\n<title>Tarifs photo produits - Photographe Produit Gentle Studio<\/title>\n<meta name=\"description\" content=\"Tarifs, devis et prix pour les Photo produits et packshot. Par Gentle Studio, photographe produit \u00e0 Nancy, Metz, Lorraine, 54.\" \/>\n<meta name=\"robots\" content=\"index, follow, max-snippet:-1, max-image-preview:large, max-video-preview:-1\" \/>\n<link rel=\"canonical\" href=\"http:\/\/gentlestudio.fr\/produit\/tarifs-devis-photographe-produit-nancy-metz\/\" \/>\n<meta property=\"og:locale\" content=\"fr_FR\" \/>\n<meta property=\"og:type\" content=\"article\" \/>\n<meta property=\"og:title\" content=\"Tarifs photo produits - Photographe Produit Gentle Studio\" \/>\n<meta property=\"og:description\" content=\"Tarifs, devis et prix pour les Photo produits et packshot. Par Gentle Studio, photographe produit \u00e0 Nancy, Metz, Lorraine, 54.\" \/>\n<meta property=\"og:url\" content=\"http:\/\/gentlestudio.fr\/produit\/tarifs-devis-photographe-produit-nancy-metz\/\" \/>\n<meta property=\"og:site_name\" content=\"Photographe Produit Gentle Studio\" \/>\n<meta property=\"article:publisher\" content=\"https:\/\/www.facebook.com\/Gentle-Studio-184752495025758\" \/>\n<meta property=\"article:modified_time\" content=\"2020-09-16T12:23:04+00:00\" \/>\n<meta name=\"twitter:card\" content=\"summary\" \/>\n<meta name=\"twitter:creator\" content=\"@GentleStudio\" \/>\n<meta name=\"twitter:site\" content=\"@GentleStudio\" \/>\n<meta name=\"twitter:label1\" value=\"\u00c9crit par\">\n\t<meta name=\"twitter:data1\" value=\"Gentle-Studio-Produit\">\n\t<meta name=\"twitter:label2\" value=\"Dur\u00e9e de lecture est.\">\n\t<meta name=\"twitter:data2\" value=\"5 minutes\">\n<script type=\"application\/ld+json\" class=\"yoast-schema-graph\">{\"@context\":\"https:\/\/schema.org\",\"@graph\":[{\"@type\":\"WebSite\",\"@id\":\"http:\/\/gentlestudio.fr\/produit\/#website\",\"url\":\"http:\/\/gentlestudio.fr\/produit\/\",\"name\":\"Photographe Produit Gentle Studio\",\"description\":\"Photographe Produit Gentle Studio Nancy\",\"potentialAction\":[{\"@type\":\"SearchAction\",\"target\":\"http:\/\/gentlestudio.fr\/produit\/?s={search_term_string}\",\"query-input\":\"required name=search_term_string\"}],\"inLanguage\":\"fr-FR\"},{\"@type\":\"WebPage\",\"@id\":\"http:\/\/gentlestudio.fr\/produit\/tarifs-devis-photographe-produit-nancy-metz\/#webpage\",\"url\":\"http:\/\/gentlestudio.fr\/produit\/tarifs-devis-photographe-produit-nancy-metz\/\",\"name\":\"Tarifs photo produits - Photographe Produit Gentle Studio\",\"isPartOf\":{\"@id\":\"http:\/\/gentlestudio.fr\/produit\/#website\"},\"datePublished\":\"2015-11-12T21:39:43+00:00\",\"dateModified\":\"2020-09-16T12:23:04+00:00\",\"description\":\"Tarifs, devis et prix pour les Photo produits et packshot. Par Gentle Studio, photographe produit \\u00e0 Nancy, Metz, Lorraine, 54.\",\"inLanguage\":\"fr-FR\",\"potentialAction\":[{\"@type\":\"ReadAction\",\"target\":[\"http:\/\/gentlestudio.fr\/produit\/tarifs-devis-photographe-produit-nancy-metz\/\"]}]}]}<\/script>\n<!-- \/ Yoast SEO plugin. -->","_links":{"self":[{"href":"http:\/\/gentlestudio.fr\/produit\/wp-json\/wp\/v2\/pages\/3120"}],"collection":[{"href":"http:\/\/gentlestudio.fr\/produit\/wp-json\/wp\/v2\/pages"}],"about":[{"href":"http:\/\/gentlestudio.fr\/produit\/wp-json\/wp\/v2\/types\/page"}],"author":[{"embeddable":true,"href":"http:\/\/gentlestudio.fr\/produit\/wp-json\/wp\/v2\/users\/1"}],"replies":[{"embeddable":true,"href":"http:\/\/gentlestudio.fr\/produit\/wp-json\/wp\/v2\/comments?post=3120"}],"version-history":[{"count":17,"href":"http:\/\/gentlestudio.fr\/produit\/wp-json\/wp\/v2\/pages\/3120\/revisions"}],"predecessor-version":[{"id":3296,"href":"http:\/\/gentlestudio.fr\/produit\/wp-json\/wp\/v2\/pages\/3120\/revisions\/3296"}],"wp:attachment":[{"href":"http:\/\/gentlestudio.fr\/produit\/wp-json\/wp\/v2\/media?parent=3120"}],"curies":[{"name":"wp","href":"https:\/\/api.w.org\/{rel}","templated":true}]}}