{"id":3118,"date":"2015-11-12T22:39:10","date_gmt":"2015-11-12T21:39:10","guid":{"rendered":"http:\/\/gentlestudio.fr\/produit\/?page_id=3118"},"modified":"2018-07-06T12:07:05","modified_gmt":"2018-07-06T11:07:05","slug":"clients-photographe-produits-nancy-metz-strasbourg-paris","status":"publish","type":"page","link":"http:\/\/gentlestudio.fr\/produit\/clients-photographe-produits-nancy-metz-strasbourg-paris\/","title":{"rendered":"Nos Clients"},"content":{"rendered":"[vc_row type=\u00a0\u00bbfull_width_background\u00a0\u00bb text_align=\u00a0\u00bbcenter\u00a0\u00bb top_padding=\u00a0\u00bb60&Prime; bottom_padding=\u00a0\u00bb30&Prime;][vc_column][vc_column_text]\n<h1>D\u00e9couvrez les clients qui nous ont fait confiance pour leur photos de produits<\/h1>\n<h2>liste de nos clients en photographie produit :<\/h2>\n[\/vc_column_text][\/vc_column][\/vc_row][vc_row type=\u00a0\u00bbfull_width_background\u00a0\u00bb bg_color=\u00a0\u00bb#ffffff\u00a0\u00bb text_align=\u00a0\u00bbcenter\u00a0\u00bb top_padding=\u00a0\u00bb40&Prime; bottom_padding=\u00a0\u00bb20&Prime;][vc_column width=\u00a0\u00bb1\/3&Prime;][image_with_animation image_url=\u00a0\u00bb3199&Prime; alignment=\u00a0\u00bbcenter\u00a0\u00bb animation=\u00a0\u00bbFade In From Bottom\u00a0\u00bb][vc_column_text]\n<h2>Jacasse<\/h2>\n<p>Projets que nous avons r\u00e9alis\u00e9 pour eux :<\/p>\n<ul>\n<li>Photographie des produits mis en sc\u00e8ne<\/li>\n<li>Photos des produits sur fond blanc<\/li>\n<\/ul>\n[\/vc_column_text][\/vc_column][vc_column width=\u00a0\u00bb1\/3&Prime;][image_with_animation image_url=\u00a0\u00bb3202&Prime; alignment=\u00a0\u00bbcenter\u00a0\u00bb animation=\u00a0\u00bbFade In From Bottom\u00a0\u00bb][vc_column_text]\n<h2>Media Sonic<\/h2>\n<p>Projets que nous avons r\u00e9alis\u00e9 pour eux :<\/p>\n<ul>\n<li>Photographie des produits<\/li>\n<li>Photographie de l&rsquo;equipe<\/li>\n<li>Photo-reportage en action<\/li>\n<li>Vid\u00e9o-reportages<\/li>\n<\/ul>\n[\/vc_column_text][\/vc_column][vc_column width=\u00a0\u00bb1\/3&Prime;][image_with_animation image_url=\u00a0\u00bb3203&Prime; alignment=\u00a0\u00bbcenter\u00a0\u00bb animation=\u00a0\u00bbFade In From Bottom\u00a0\u00bb][vc_column_text]\n<h2>Milk<\/h2>\n<p>Projets que nous avons r\u00e9alis\u00e9 pour eux :<\/p>\n<ul>\n<li>Photographie du b\u00e2timent<\/li>\n<li>Photographie de l&rsquo;enseigne<\/li>\n<li>Photographie d\u00e9coration int\u00e9rieure<\/li>\n<li>Photographie des produits<\/li>\n<\/ul>\n[\/vc_column_text][\/vc_column][\/vc_row][vc_row type=\u00a0\u00bbfull_width_background\u00a0\u00bb bg_color=\u00a0\u00bb#ffffff\u00a0\u00bb text_align=\u00a0\u00bbcenter\u00a0\u00bb top_padding=\u00a0\u00bb40&Prime; bottom_padding=\u00a0\u00bb20&Prime;][vc_column width=\u00a0\u00bb1\/3&Prime;][image_with_animation image_url=\u00a0\u00bb3204&Prime; alignment=\u00a0\u00bbcenter\u00a0\u00bb animation=\u00a0\u00bbFade In From Bottom\u00a0\u00bb][vc_column_text]\n<h2>Sabon<\/h2>\n<p>Projets que nous avons r\u00e9alis\u00e9 pour eux :<\/p>\n<ul>\n<li>Photographie des produits<\/li>\n<li>Photographie du b\u00e2timent<\/li>\n<li>Photographie de l&rsquo;enseigne<\/li>\n<li>Vid\u00e9os de promotion<\/li>\n<li>Vid\u00e9os de rituels beaut\u00e9<\/li>\n<\/ul>\n[\/vc_column_text][\/vc_column][vc_column width=\u00a0\u00bb1\/3&Prime;][image_with_animation image_url=\u00a0\u00bb3205&Prime; alignment=\u00a0\u00bbcenter\u00a0\u00bb animation=\u00a0\u00bbFade In From Bottom\u00a0\u00bb][vc_column_text]\n<h2>J-B Petion<\/h2>\n<p>Projets que nous avons r\u00e9alis\u00e9 pour eux :<\/p>\n<ul>\n<li>Photographie de prestations<\/li>\n<li>Photographie d&rsquo;int\u00e9rieurs refaits par JB Petion<\/li>\n<li>Design et siglage de la flotte de v\u00e9hicule<\/li>\n<li>Photographie de la flotte de v\u00e9hicule<\/li>\n<\/ul>\n[\/vc_column_text][\/vc_column][vc_column width=\u00a0\u00bb1\/3&Prime;][image_with_animation image_url=\u00a0\u00bb3201&Prime; alignment=\u00a0\u00bbcenter\u00a0\u00bb animation=\u00a0\u00bbFade In From Bottom\u00a0\u00bb][vc_column_text]\n<h2>Le Petit Fut\u00e9<\/h2>\n<p>Projets que nous avons r\u00e9alis\u00e9 pour eux :<\/p>\n<ul>\n<li>Photographie de b\u00e2timents<\/li>\n<li>Photographie d&rsquo;enseignes<\/li>\n<li>Photographie de produits<\/li>\n<li>R\u00e9alisation et mise en page de Publicit\u00e9s<\/li>\n<\/ul>\n[\/vc_column_text][\/vc_column][\/vc_row][vc_row type=\u00a0\u00bbfull_width_background\u00a0\u00bb bg_color=\u00a0\u00bb#ffffff\u00a0\u00bb top_padding=\u00a0\u00bb60&Prime; bottom_padding=\u00a0\u00bb40&Prime;][vc_column background_color=\u00a0\u00bb#ffffff\u00a0\u00bb][vc_column_text]\n<p style=\"text-align: center;\">Vous avez besoin d&rsquo;une s\u00e9rie de photo de produits ?<\/p>\n<p style=\"text-align: center;\">Faites comme eux <i class=\"icon-tiny fa fa-arrow-up accent-color\"><\/i>\n<p>Gentle Studio, <strong>Photographe Produit<\/strong> \u00e0 <strong>Nancy<\/strong>, <strong>Metz<\/strong>, <strong>Strasbourg<\/strong> et en <strong>Lorraine<\/strong> : Pour des images <b>marquantes et spontan\u00e9es<\/b>.<\/p>\n<h4 style=\"text-align: center;\"><a href=\"http:\/\/gentlestudio.fr\/produit\/contact-photographe-produits-culinaire-nancy-metz-strasbourg\/\">Contactez nos photographes<\/a><\/h4>\n<h5>Sp\u00e9cialis\u00e9s dans la photographie et la vid\u00e9o de produits, le photo-reportage, la cr\u00e9ation publicitaire ainsi que la communication par l&rsquo;image, nos \u00e9quipes de professionnels mettent leur exp\u00e9rience et leur sensibilit\u00e9 <b>au service de votre image de marque<\/b>.<\/h5>\n[\/vc_column_text][\/vc_column][\/vc_row]\n","protected":false},"excerpt":{"rendered":"<p>[vc_row type=\u00a0\u00bbfull_width_background\u00a0\u00bb text_align=\u00a0\u00bbcenter\u00a0\u00bb top_padding=\u00a0\u00bb60&Prime; bottom_padding=\u00a0\u00bb30&Prime;][vc_column][vc_column_text] D\u00e9couvrez les clients qui nous ont fait confiance pour leur photos de produits liste de nos clients en photographie produit : [\/vc_column_text][\/vc_column][\/vc_row][vc_row type=\u00a0\u00bbfull_width_background\u00a0\u00bb bg_color=\u00a0\u00bb#ffffff\u00a0\u00bb text_align=\u00a0\u00bbcenter\u00a0\u00bb&#8230;<\/p>\n","protected":false},"author":1,"featured_media":0,"parent":0,"menu_order":2,"comment_status":"closed","ping_status":"closed","template":"","meta":[],"yoast_head":"<!-- This site is optimized with the Yoast SEO plugin v15.2 - https:\/\/yoast.com\/wordpress\/plugins\/seo\/ -->\n<title>Clients Gentle Studio - Photographe Produits<\/title>\n<meta name=\"description\" content=\"clients de Gentle Studio, Photographe Produit. Packshots - mise en sc\u00e8nes - magazine culinaires - catalogues - \u00e0 Nancy, Metz, Strasbourg et Lorraine.\" \/>\n<meta name=\"robots\" content=\"index, follow, max-snippet:-1, max-image-preview:large, max-video-preview:-1\" \/>\n<link rel=\"canonical\" href=\"https:\/\/gentlestudio.fr\/produit\/clients-photographe-produits-nancy-metz-strasbourg-paris\/\" \/>\n<meta property=\"og:locale\" content=\"fr_FR\" \/>\n<meta property=\"og:type\" content=\"article\" \/>\n<meta property=\"og:title\" content=\"Clients Gentle Studio - Photographe Produits\" \/>\n<meta property=\"og:description\" content=\"clients de Gentle Studio, Photographe Produit. Packshots - mise en sc\u00e8nes - magazine culinaires - catalogues - \u00e0 Nancy, Metz, Strasbourg et Lorraine.\" \/>\n<meta property=\"og:url\" content=\"https:\/\/gentlestudio.fr\/produit\/clients-photographe-produits-nancy-metz-strasbourg-paris\/\" \/>\n<meta property=\"og:site_name\" content=\"Photographe Produit Gentle Studio\" \/>\n<meta property=\"article:publisher\" content=\"https:\/\/www.facebook.com\/Gentle-Studio-184752495025758\" \/>\n<meta property=\"article:modified_time\" content=\"2018-07-06T11:07:05+00:00\" \/>\n<meta name=\"twitter:card\" content=\"summary\" \/>\n<meta name=\"twitter:creator\" content=\"@GentleStudio\" \/>\n<meta name=\"twitter:site\" content=\"@GentleStudio\" \/>\n<meta name=\"twitter:label1\" value=\"\u00c9crit par\">\n\t<meta name=\"twitter:data1\" value=\"Gentle-Studio-Produit\">\n\t<meta name=\"twitter:label2\" value=\"Dur\u00e9e de lecture est.\">\n\t<meta name=\"twitter:data2\" value=\"2 minutes\">\n<script type=\"application\/ld+json\" class=\"yoast-schema-graph\">{\"@context\":\"https:\/\/schema.org\",\"@graph\":[{\"@type\":\"WebSite\",\"@id\":\"https:\/\/gentlestudio.fr\/produit\/#website\",\"url\":\"https:\/\/gentlestudio.fr\/produit\/\",\"name\":\"Photographe Produit Gentle Studio\",\"description\":\"Photographe Produit Gentle Studio Nancy\",\"potentialAction\":[{\"@type\":\"SearchAction\",\"target\":\"https:\/\/gentlestudio.fr\/produit\/?s={search_term_string}\",\"query-input\":\"required name=search_term_string\"}],\"inLanguage\":\"fr-FR\"},{\"@type\":\"WebPage\",\"@id\":\"https:\/\/gentlestudio.fr\/produit\/clients-photographe-produits-nancy-metz-strasbourg-paris\/#webpage\",\"url\":\"https:\/\/gentlestudio.fr\/produit\/clients-photographe-produits-nancy-metz-strasbourg-paris\/\",\"name\":\"Clients Gentle Studio - Photographe Produits\",\"isPartOf\":{\"@id\":\"https:\/\/gentlestudio.fr\/produit\/#website\"},\"datePublished\":\"2015-11-12T21:39:10+00:00\",\"dateModified\":\"2018-07-06T11:07:05+00:00\",\"description\":\"clients de Gentle Studio, Photographe Produit. Packshots - mise en sc\\u00e8nes - magazine culinaires - catalogues - \\u00e0 Nancy, Metz, Strasbourg et Lorraine.\",\"inLanguage\":\"fr-FR\",\"potentialAction\":[{\"@type\":\"ReadAction\",\"target\":[\"https:\/\/gentlestudio.fr\/produit\/clients-photographe-produits-nancy-metz-strasbourg-paris\/\"]}]}]}<\/script>\n<!-- \/ Yoast SEO plugin. -->","_links":{"self":[{"href":"http:\/\/gentlestudio.fr\/produit\/wp-json\/wp\/v2\/pages\/3118"}],"collection":[{"href":"http:\/\/gentlestudio.fr\/produit\/wp-json\/wp\/v2\/pages"}],"about":[{"href":"http:\/\/gentlestudio.fr\/produit\/wp-json\/wp\/v2\/types\/page"}],"author":[{"embeddable":true,"href":"http:\/\/gentlestudio.fr\/produit\/wp-json\/wp\/v2\/users\/1"}],"replies":[{"embeddable":true,"href":"http:\/\/gentlestudio.fr\/produit\/wp-json\/wp\/v2\/comments?post=3118"}],"version-history":[{"count":8,"href":"http:\/\/gentlestudio.fr\/produit\/wp-json\/wp\/v2\/pages\/3118\/revisions"}],"predecessor-version":[{"id":3210,"href":"http:\/\/gentlestudio.fr\/produit\/wp-json\/wp\/v2\/pages\/3118\/revisions\/3210"}],"wp:attachment":[{"href":"http:\/\/gentlestudio.fr\/produit\/wp-json\/wp\/v2\/media?parent=3118"}],"curies":[{"name":"wp","href":"https:\/\/api.w.org\/{rel}","templated":true}]}}